{"id":33,"date":"2023-06-12T21:00:52","date_gmt":"2023-06-12T21:00:52","guid":{"rendered":"https:\/\/becas.uam.mx\/gv\/?page_id=33"},"modified":"2025-03-12T22:44:22","modified_gmt":"2025-03-12T22:44:22","slug":"inicio","status":"publish","type":"page","link":"https:\/\/becas.uam.mx\/gv\/","title":{"rendered":"Inicio"},"content":{"rendered":"\t\t<div data-elementor-type=\"wp-page\" data-elementor-id=\"33\" class=\"elementor elementor-33\">\n\t\t\t\t<div class=\"elementor-element elementor-element-aeb5e34 e-con-full e-flex e-con e-parent\" data-id=\"aeb5e34\" data-element_type=\"container\" data-e-type=\"container\" data-settings=\"{&quot;background_background&quot;:&quot;classic&quot;}\">\n\t\t\t\t<\/div>\n\t\t<div class=\"elementor-element elementor-element-b6e9cd0 e-flex e-con-boxed e-con e-parent\" data-id=\"b6e9cd0\" data-element_type=\"container\" data-e-type=\"container\">\n\t\t\t\t\t<div class=\"e-con-inner\">\n\t\t<div class=\"elementor-element elementor-element-3897dea e-flex e-con-boxed e-con e-child\" data-id=\"3897dea\" data-element_type=\"container\" data-e-type=\"container\">\n\t\t\t\t\t<div class=\"e-con-inner\">\n\t\t<div class=\"elementor-element elementor-element-bb67c48 e-con-full e-flex e-con e-child\" data-id=\"bb67c48\" data-element_type=\"container\" data-e-type=\"container\">\n\t\t\t\t<div class=\"elementor-element elementor-element-aaef40f e-transform elementor-widget elementor-widget-image\" data-id=\"aaef40f\" data-element_type=\"widget\" data-e-type=\"widget\" data-settings=\"{&quot;_transform_scale_effect_hover&quot;:{&quot;unit&quot;:&quot;px&quot;,&quot;size&quot;:&quot;1.05&quot;,&quot;sizes&quot;:[]},&quot;_animation&quot;:&quot;none&quot;,&quot;_transform_scale_effect_hover_tablet&quot;:{&quot;unit&quot;:&quot;px&quot;,&quot;size&quot;:&quot;&quot;,&quot;sizes&quot;:[]},&quot;_transform_scale_effect_hover_mobile&quot;:{&quot;unit&quot;:&quot;px&quot;,&quot;size&quot;:&quot;&quot;,&quot;sizes&quot;:[]}}\" data-widget_type=\"image.default\">\n\t\t\t\t<div class=\"elementor-widget-container\">\n\t\t\t\t\t\t\t\t\t\t\t\t\t\t\t<img fetchpriority=\"high\" decoding=\"async\" width=\"221\" height=\"270\" src=\"https:\/\/becas.uam.mx\/gv\/wp-content\/uploads\/sites\/5\/2023\/10\/logo-becas-1.png\" class=\"attachment-1536x1536 size-1536x1536 wp-image-234\" alt=\"\" \/>\t\t\t\t\t\t\t\t\t\t\t\t\t\t\t<\/div>\n\t\t\t\t<\/div>\n\t\t\t\t<\/div>\n\t\t<div class=\"elementor-element elementor-element-2648629 e-con-full e-flex e-con e-child\" data-id=\"2648629\" data-element_type=\"container\" data-e-type=\"container\">\n\t\t\t\t<div class=\"elementor-element elementor-element-f0cad6e elementor-widget elementor-widget-heading\" data-id=\"f0cad6e\" data-element_type=\"widget\" data-e-type=\"widget\" data-widget_type=\"heading.default\">\n\t\t\t\t<div class=\"elementor-widget-container\">\n\t\t\t\t\t<h2 class=\"elementor-heading-title elementor-size-default\">Beca para integrantes de grupos en contexto y situaci\u00f3n de vulnerabilidad<\/h2>\t\t\t\t<\/div>\n\t\t\t\t<\/div>\n\t\t\t\t<\/div>\n\t\t\t\t\t<\/div>\n\t\t\t\t<\/div>\n\t\t\t\t\t<\/div>\n\t\t\t\t<\/div>\n\t\t<div class=\"elementor-element elementor-element-b7d477e e-flex e-con-boxed e-con e-parent\" data-id=\"b7d477e\" data-element_type=\"container\" data-e-type=\"container\">\n\t\t\t\t\t<div class=\"e-con-inner\">\n\t\t\t\t<div class=\"elementor-element elementor-element-1d57ab2 elementor-widget__width-inherit elementor-widget elementor-widget-text-editor\" data-id=\"1d57ab2\" data-element_type=\"widget\" data-e-type=\"widget\" data-widget_type=\"text-editor.default\">\n\t\t\t\t<div class=\"elementor-widget-container\">\n\t\t\t\t\t\t\t\t\t<p>Inicio<\/p>\t\t\t\t\t\t\t\t<\/div>\n\t\t\t\t<\/div>\n\t\t\t\t<div class=\"elementor-element elementor-element-950c1e9 elementor-shape-square elementor-grid-tablet-1 elementor-grid-mobile-1 e-grid-align-mobile-right elementor-widget-tablet__width-initial e-grid-align-tablet-right e-grid-align-right elementor-grid-0 elementor-widget elementor-widget-social-icons\" data-id=\"950c1e9\" data-element_type=\"widget\" data-e-type=\"widget\" data-settings=\"{&quot;_animation&quot;:&quot;none&quot;}\" data-widget_type=\"social-icons.default\">\n\t\t\t\t<div class=\"elementor-widget-container\">\n\t\t\t\t\t\t\t<div class=\"elementor-social-icons-wrapper elementor-grid\" role=\"list\">\n\t\t\t\t\t\t\t<span class=\"elementor-grid-item\" role=\"listitem\">\n\t\t\t\t\t<a class=\"elementor-icon elementor-social-icon elementor-social-icon-facebook elementor-repeater-item-251a54e\" href=\"https:\/\/www.facebook.com\/lauammx\" target=\"_blank\">\n\t\t\t\t\t\t<span class=\"elementor-screen-only\">Facebook<\/span>\n\t\t\t\t\t\t<i aria-hidden=\"true\" class=\"fab fa-facebook\"><\/i>\t\t\t\t\t<\/a>\n\t\t\t\t<\/span>\n\t\t\t\t\t\t\t<span class=\"elementor-grid-item\" role=\"listitem\">\n\t\t\t\t\t<a class=\"elementor-icon elementor-social-icon elementor-social-icon-instagram elementor-repeater-item-83fa0dc\" href=\"https:\/\/www.instagram.com\/lauammx\/\" target=\"_blank\">\n\t\t\t\t\t\t<span class=\"elementor-screen-only\">Instagram<\/span>\n\t\t\t\t\t\t<i aria-hidden=\"true\" class=\"fab fa-instagram\"><\/i>\t\t\t\t\t<\/a>\n\t\t\t\t<\/span>\n\t\t\t\t\t<\/div>\n\t\t\t\t\t\t<\/div>\n\t\t\t\t<\/div>\n\t\t\t\t<div class=\"elementor-element elementor-element-e46fc40 elementor-widget__width-inherit elementor-widget elementor-widget-text-editor\" data-id=\"e46fc40\" data-element_type=\"widget\" data-e-type=\"widget\" data-widget_type=\"text-editor.default\">\n\t\t\t\t<div class=\"elementor-widget-container\">\n\t\t\t\t\t\t\t\t\t<p><strong><img decoding=\"async\" class=\"alignnone size-full wp-image-546\" src=\"https:\/\/becas.uam.mx\/po\/wp-content\/uploads\/sites\/2\/2023\/10\/balota.png\" alt=\"\" width=\"20\" height=\"15\" \/><\/strong>Objetivos del Programa<\/p>\t\t\t\t\t\t\t\t<\/div>\n\t\t\t\t<\/div>\n\t\t\t\t<div class=\"elementor-element elementor-element-af36639 elementor-widget elementor-widget-text-editor\" data-id=\"af36639\" data-element_type=\"widget\" data-e-type=\"widget\" data-widget_type=\"text-editor.default\">\n\t\t\t\t<div class=\"elementor-widget-container\">\n\t\t\t\t\t\t\t\t\t<ul class=\"ula\"><li>Contribuir a lograr la equidad educativa mediante el otorgamiento de becas a j\u00f3venes en situaci\u00f3n de vulnerabilidad, favoreciendo el egreso de la UAM.<\/li><li>Reducir los niveles de deserci\u00f3n escolar de j\u00f3venes en situaci\u00f3n de vulnerabilidad, que cursan el tipo educativo superior, y<\/li><li>Propiciar la terminaci\u00f3n oportuna de los estudios superiores de la poblaci\u00f3n vulnerable.<\/li><\/ul>\t\t\t\t\t\t\t\t<\/div>\n\t\t\t\t<\/div>\n\t\t\t\t<div class=\"elementor-element elementor-element-aa5956f elementor-widget__width-inherit elementor-widget elementor-widget-text-editor\" data-id=\"aa5956f\" data-element_type=\"widget\" data-e-type=\"widget\" data-widget_type=\"text-editor.default\">\n\t\t\t\t<div class=\"elementor-widget-container\">\n\t\t\t\t\t\t\t\t\t<p><strong><img decoding=\"async\" class=\"alignnone size-full wp-image-546\" src=\"https:\/\/becas.uam.mx\/po\/wp-content\/uploads\/sites\/2\/2023\/10\/balota.png\" alt=\"\" width=\"20\" height=\"15\" \/><\/strong>Poblaci\u00f3n Objetivo<\/p>\t\t\t\t\t\t\t\t<\/div>\n\t\t\t\t<\/div>\n\t\t\t\t<div class=\"elementor-element elementor-element-2d33d2e elementor-widget elementor-widget-text-editor\" data-id=\"2d33d2e\" data-element_type=\"widget\" data-e-type=\"widget\" data-widget_type=\"text-editor.default\">\n\t\t\t\t<div class=\"elementor-widget-container\">\n\t\t\t\t\t\t\t\t\t<div class=\"topico\"><p class=\"just\">Estudiantes de Licenciatura de la Universidad Aut\u00f3noma Metropolitana (UAM), que tengan alguna discapacidad permanente f\u00edsica, intelectual, mental o sensorial (auditiva, visual o motriz).<\/p><ul class=\"ula\"><li>Los solicitantes no deben contar con alg\u00fan otro beneficio de tipo econ\u00f3mico o en especie otorgado para su educaci\u00f3n al momento de solicitar la beca y durante el tiempo en que reciban el beneficio. Excepto los otorgados por la excelencia acad\u00e9mica o con un fin distinto.<\/li><\/ul><\/div>\t\t\t\t\t\t\t\t<\/div>\n\t\t\t\t<\/div>\n\t\t\t\t<div class=\"elementor-element elementor-element-a084f13 elementor-widget__width-inherit elementor-widget elementor-widget-text-editor\" data-id=\"a084f13\" data-element_type=\"widget\" data-e-type=\"widget\" data-widget_type=\"text-editor.default\">\n\t\t\t\t<div class=\"elementor-widget-container\">\n\t\t\t\t\t\t\t\t\t<p><strong><img decoding=\"async\" class=\"alignnone size-full wp-image-546\" src=\"https:\/\/becas.uam.mx\/po\/wp-content\/uploads\/sites\/2\/2023\/10\/balota.png\" alt=\"\" width=\"20\" height=\"15\" \/><\/strong>Monto<\/p>\t\t\t\t\t\t\t\t<\/div>\n\t\t\t\t<\/div>\n\t\t\t\t<div class=\"elementor-element elementor-element-133c9e5 elementor-widget elementor-widget-text-editor\" data-id=\"133c9e5\" data-element_type=\"widget\" data-e-type=\"widget\" data-widget_type=\"text-editor.default\">\n\t\t\t\t<div class=\"elementor-widget-container\">\n\t\t\t\t\t\t\t\t\t<p>$1,300.00 m.n. mensuales.<\/p>\t\t\t\t\t\t\t\t<\/div>\n\t\t\t\t<\/div>\n\t\t\t\t<div class=\"elementor-element elementor-element-c1f166e elementor-widget__width-inherit elementor-widget elementor-widget-text-editor\" data-id=\"c1f166e\" data-element_type=\"widget\" data-e-type=\"widget\" data-widget_type=\"text-editor.default\">\n\t\t\t\t<div class=\"elementor-widget-container\">\n\t\t\t\t\t\t\t\t\t<p><strong><img decoding=\"async\" class=\"alignnone size-full wp-image-546\" src=\"https:\/\/becas.uam.mx\/po\/wp-content\/uploads\/sites\/2\/2023\/10\/balota.png\" alt=\"\" width=\"20\" height=\"15\" \/><\/strong>Periodicidad<\/p>\t\t\t\t\t\t\t\t<\/div>\n\t\t\t\t<\/div>\n\t\t\t\t<div class=\"elementor-element elementor-element-2a17eb3 elementor-widget elementor-widget-text-editor\" data-id=\"2a17eb3\" data-element_type=\"widget\" data-e-type=\"widget\" data-widget_type=\"text-editor.default\">\n\t\t\t\t<div class=\"elementor-widget-container\">\n\t\t\t\t\t\t\t\t\t<p>Mensual.<\/p>\t\t\t\t\t\t\t\t<\/div>\n\t\t\t\t<\/div>\n\t\t\t\t<div class=\"elementor-element elementor-element-0e66d55 elementor-widget__width-inherit elementor-widget elementor-widget-text-editor\" data-id=\"0e66d55\" data-element_type=\"widget\" data-e-type=\"widget\" data-widget_type=\"text-editor.default\">\n\t\t\t\t<div class=\"elementor-widget-container\">\n\t\t\t\t\t\t\t\t\t<p><strong><img decoding=\"async\" class=\"alignnone size-full wp-image-546\" src=\"https:\/\/becas.uam.mx\/po\/wp-content\/uploads\/sites\/2\/2023\/10\/balota.png\" alt=\"\" width=\"20\" height=\"15\" \/><\/strong>Duraci\u00f3n de la beca<\/p>\t\t\t\t\t\t\t\t<\/div>\n\t\t\t\t<\/div>\n\t\t\t\t<div class=\"elementor-element elementor-element-71b6600 elementor-widget elementor-widget-text-editor\" data-id=\"71b6600\" data-element_type=\"widget\" data-e-type=\"widget\" data-widget_type=\"text-editor.default\">\n\t\t\t\t<div class=\"elementor-widget-container\">\n\t\t\t\t\t\t\t\t\t<p>De acuerdo con la convocatoria vigente.<\/p>\t\t\t\t\t\t\t\t<\/div>\n\t\t\t\t<\/div>\n\t\t\t\t<div class=\"elementor-element elementor-element-9c45614 elementor-widget__width-inherit elementor-widget elementor-widget-text-editor\" data-id=\"9c45614\" data-element_type=\"widget\" data-e-type=\"widget\" data-widget_type=\"text-editor.default\">\n\t\t\t\t<div class=\"elementor-widget-container\">\n\t\t\t\t\t\t\t\t\t<p><strong><img decoding=\"async\" class=\"alignnone size-full wp-image-546\" src=\"https:\/\/becas.uam.mx\/po\/wp-content\/uploads\/sites\/2\/2023\/10\/balota.png\" alt=\"\" width=\"20\" height=\"15\" \/><\/strong>Requisitos<\/p>\t\t\t\t\t\t\t\t<\/div>\n\t\t\t\t<\/div>\n\t\t\t\t<div class=\"elementor-element elementor-element-b315e89 elementor-widget elementor-widget-text-editor\" data-id=\"b315e89\" data-element_type=\"widget\" data-e-type=\"widget\" data-widget_type=\"text-editor.default\">\n\t\t\t\t<div class=\"elementor-widget-container\">\n\t\t\t\t\t\t\t\t\t<ul class=\"ula\"><li>Ser mexicana(o).<\/li><li>Ser alumna(o) de licenciatura en la Universidad Aut\u00f3noma Metropolitana, en alguno de los siguientes casos:<ol class=\"ola\" type=\"a\"><li>Ser de nuevo ingreso y haber concluido los tr\u00e1mites de inscripci\u00f3n.<\/li><li>Aprobar al menos el 50% de los cr\u00e9ditos correspondientes a una trayectoria regular para quienes cursen entre el primer y tercer trimestre del respectivo plan de estudio.<\/li><li>Aprobar al menos el 60% de los cr\u00e9ditos correspondientes a una trayectoria regular para quienes cursen entre el cuarto y sexto trimestre del respectivo plan de estudio.<\/li><li>Aprobar al menos el 70% de los cr\u00e9ditos correspondientes a una trayectoria regular para quienes cursen del s\u00e9ptimo trimestre en adelante del respectivo plan de estudio.<\/li><\/ol><\/li><li>Contar con un certificado, dictamen o constancia m\u00e9dica expedida por una instituci\u00f3n del sector salud federal, local o municipal y firmada por m\u00e9dico que cuente con t\u00edtulo y c\u00e9dula profesional, en la que conste el tipo de discapacidad permanente f\u00edsica, intelectual, mental o sensorial (auditiva, visual o motriz), no podr\u00e1 tener una antig\u00fcedad mayor a tres meses a partir de la fecha en que realiza la solicitud.<\/li><li>Provenir de un hogar cuyo ingreso sea igual o menor a cuatro salarios m\u00ednimos per c\u00e1pita mensuales.<\/li><li>No haber concluido otros estudios de nivel licenciatura, ni contar con t\u00edtulo profesional de ese nivel o superior.<\/li><li>Cumplir con lo establecido en la Convocatoria.<\/li><\/ul>\t\t\t\t\t\t\t\t<\/div>\n\t\t\t\t<\/div>\n\t\t\t\t<div class=\"elementor-element elementor-element-6c1836a e-transform e-transform elementor-widget elementor-widget-image\" data-id=\"6c1836a\" data-element_type=\"widget\" data-e-type=\"widget\" data-settings=\"{&quot;_transform_scale_effect_hover&quot;:{&quot;unit&quot;:&quot;px&quot;,&quot;size&quot;:&quot;1.05&quot;,&quot;sizes&quot;:[]},&quot;_animation&quot;:&quot;none&quot;,&quot;_transform_scale_effect&quot;:{&quot;unit&quot;:&quot;px&quot;,&quot;size&quot;:&quot;&quot;,&quot;sizes&quot;:[]},&quot;_transform_scale_effect_tablet&quot;:{&quot;unit&quot;:&quot;px&quot;,&quot;size&quot;:&quot;&quot;,&quot;sizes&quot;:[]},&quot;_transform_scale_effect_mobile&quot;:{&quot;unit&quot;:&quot;px&quot;,&quot;size&quot;:&quot;&quot;,&quot;sizes&quot;:[]},&quot;_transform_scale_effect_hover_tablet&quot;:{&quot;unit&quot;:&quot;px&quot;,&quot;size&quot;:&quot;&quot;,&quot;sizes&quot;:[]},&quot;_transform_scale_effect_hover_mobile&quot;:{&quot;unit&quot;:&quot;px&quot;,&quot;size&quot;:&quot;&quot;,&quot;sizes&quot;:[]}}\" data-widget_type=\"image.default\">\n\t\t\t\t<div class=\"elementor-widget-container\">\n\t\t\t\t\t\t\t\t\t\t\t\t\t\t\t<img decoding=\"async\" width=\"221\" height=\"270\" src=\"https:\/\/becas.uam.mx\/gv\/wp-content\/uploads\/sites\/5\/2024\/01\/logo-becas-1-1-1.png\" class=\"attachment-medium size-medium wp-image-454\" alt=\"\" \/>\t\t\t\t\t\t\t\t\t\t\t\t\t\t\t<\/div>\n\t\t\t\t<\/div>\n\t\t\t\t\t<\/div>\n\t\t\t\t<\/div>\n\t\t\t\t<\/div>\n\t\t","protected":false},"excerpt":{"rendered":"<p>Beca para integrantes de grupos en contexto y situaci\u00f3n de vulnerabilidad Inicio Facebook Instagram Objetivos del Programa Contribuir a lograr la equidad educativa mediante el otorgamiento de becas a j\u00f3venes en situaci\u00f3n de vulnerabilidad, favoreciendo el egreso de la UAM. Reducir los niveles de deserci\u00f3n escolar de j\u00f3venes en situaci\u00f3n de vulnerabilidad, que cursan el [&hellip;]<\/p>\n","protected":false},"author":1,"featured_media":0,"parent":0,"menu_order":0,"comment_status":"closed","ping_status":"closed","template":"","meta":{"footnotes":""},"class_list":["post-33","page","type-page","status-publish","hentry"],"blocksy_meta":[],"_links":{"self":[{"href":"https:\/\/becas.uam.mx\/gv\/wp-json\/wp\/v2\/pages\/33","targetHints":{"allow":["GET"]}}],"collection":[{"href":"https:\/\/becas.uam.mx\/gv\/wp-json\/wp\/v2\/pages"}],"about":[{"href":"https:\/\/becas.uam.mx\/gv\/wp-json\/wp\/v2\/types\/page"}],"author":[{"embeddable":true,"href":"https:\/\/becas.uam.mx\/gv\/wp-json\/wp\/v2\/users\/1"}],"replies":[{"embeddable":true,"href":"https:\/\/becas.uam.mx\/gv\/wp-json\/wp\/v2\/comments?post=33"}],"version-history":[{"count":76,"href":"https:\/\/becas.uam.mx\/gv\/wp-json\/wp\/v2\/pages\/33\/revisions"}],"predecessor-version":[{"id":779,"href":"https:\/\/becas.uam.mx\/gv\/wp-json\/wp\/v2\/pages\/33\/revisions\/779"}],"wp:attachment":[{"href":"https:\/\/becas.uam.mx\/gv\/wp-json\/wp\/v2\/media?parent=33"}],"curies":[{"name":"wp","href":"https:\/\/api.w.org\/{rel}","templated":true}]}}