{"id":10,"date":"2023-06-22T23:42:56","date_gmt":"2023-06-22T23:42:56","guid":{"rendered":"https:\/\/becas.uam.mx\/il\/?page_id=10"},"modified":"2024-10-08T21:28:13","modified_gmt":"2024-10-08T21:28:13","slug":"informacion","status":"publish","type":"page","link":"https:\/\/becas.uam.mx\/il\/informacion\/","title":{"rendered":"Informaci\u00f3n"},"content":{"rendered":"\t\t<div data-elementor-type=\"wp-page\" data-elementor-id=\"10\" class=\"elementor elementor-10\">\n\t\t\t\t<div class=\"elementor-element elementor-element-2839ca1 e-con-full e-flex e-con e-parent\" data-id=\"2839ca1\" data-element_type=\"container\" data-e-type=\"container\" data-settings=\"{&quot;background_background&quot;:&quot;classic&quot;}\">\n\t\t\t\t<\/div>\n\t\t<div class=\"elementor-element elementor-element-322fa40 e-flex e-con-boxed e-con e-parent\" data-id=\"322fa40\" data-element_type=\"container\" data-e-type=\"container\">\n\t\t\t\t\t<div class=\"e-con-inner\">\n\t\t<div class=\"elementor-element elementor-element-ea239a5 e-con-full e-flex e-con e-child\" data-id=\"ea239a5\" data-element_type=\"container\" data-e-type=\"container\">\n\t\t\t\t<div class=\"elementor-element elementor-element-2beb81e e-transform e-transform elementor-widget elementor-widget-image\" data-id=\"2beb81e\" data-element_type=\"widget\" data-e-type=\"widget\" data-settings=\"{&quot;_transform_scale_effect_hover&quot;:{&quot;unit&quot;:&quot;px&quot;,&quot;size&quot;:&quot;1.05&quot;,&quot;sizes&quot;:[]},&quot;_animation&quot;:&quot;none&quot;,&quot;_transform_scale_effect&quot;:{&quot;unit&quot;:&quot;px&quot;,&quot;size&quot;:&quot;&quot;,&quot;sizes&quot;:[]},&quot;_transform_scale_effect_tablet&quot;:{&quot;unit&quot;:&quot;px&quot;,&quot;size&quot;:&quot;&quot;,&quot;sizes&quot;:[]},&quot;_transform_scale_effect_mobile&quot;:{&quot;unit&quot;:&quot;px&quot;,&quot;size&quot;:&quot;&quot;,&quot;sizes&quot;:[]},&quot;_transform_scale_effect_hover_tablet&quot;:{&quot;unit&quot;:&quot;px&quot;,&quot;size&quot;:&quot;&quot;,&quot;sizes&quot;:[]},&quot;_transform_scale_effect_hover_mobile&quot;:{&quot;unit&quot;:&quot;px&quot;,&quot;size&quot;:&quot;&quot;,&quot;sizes&quot;:[]}}\" data-widget_type=\"image.default\">\n\t\t\t\t<div class=\"elementor-widget-container\">\n\t\t\t\t\t\t\t\t\t\t\t\t\t\t\t<img fetchpriority=\"high\" decoding=\"async\" width=\"221\" height=\"270\" src=\"https:\/\/becas.uam.mx\/il\/wp-content\/uploads\/sites\/7\/2023\/10\/logo-becas-1.png\" class=\"attachment-full size-full wp-image-210\" alt=\"\" \/>\t\t\t\t\t\t\t\t\t\t\t\t\t\t\t<\/div>\n\t\t\t\t<\/div>\n\t\t\t\t<\/div>\n\t\t<div class=\"elementor-element elementor-element-70de2d6 e-con-full e-flex e-con e-child\" data-id=\"70de2d6\" data-element_type=\"container\" data-e-type=\"container\">\n\t\t\t\t<div class=\"elementor-element elementor-element-b28b81d elementor-invisible elementor-widget elementor-widget-heading\" data-id=\"b28b81d\" data-element_type=\"widget\" data-e-type=\"widget\" data-settings=\"{&quot;_animation&quot;:&quot;fadeInDown&quot;}\" data-widget_type=\"heading.default\">\n\t\t\t\t<div class=\"elementor-widget-container\">\n\t\t\t\t\t<h2 class=\"elementor-heading-title elementor-size-default\">Beca para curso de idioma en l\u00ednea de Licenciatura<\/h2>\t\t\t\t<\/div>\n\t\t\t\t<\/div>\n\t\t\t\t<\/div>\n\t\t\t\t\t<\/div>\n\t\t\t\t<\/div>\n\t\t<div class=\"elementor-element elementor-element-945106a e-flex e-con-boxed e-con e-parent\" data-id=\"945106a\" data-element_type=\"container\" data-e-type=\"container\">\n\t\t\t\t\t<div class=\"e-con-inner\">\n\t\t\t\t<div class=\"elementor-element elementor-element-672d934 elementor-widget__width-inherit elementor-widget elementor-widget-text-editor\" data-id=\"672d934\" data-element_type=\"widget\" data-e-type=\"widget\" data-settings=\"{&quot;_animation&quot;:&quot;none&quot;}\" data-widget_type=\"text-editor.default\">\n\t\t\t\t<div class=\"elementor-widget-container\">\n\t\t\t\t\t\t\t\t\t<p>Informaci\u00f3n para becarios<\/p>\t\t\t\t\t\t\t\t<\/div>\n\t\t\t\t<\/div>\n\t\t\t\t<div class=\"elementor-element elementor-element-c1ee9c0 elementor-shape-square elementor-grid-tablet-1 elementor-grid-mobile-1 e-grid-align-mobile-right elementor-widget-tablet__width-initial e-grid-align-right elementor-grid-0 elementor-widget elementor-widget-social-icons\" data-id=\"c1ee9c0\" data-element_type=\"widget\" data-e-type=\"widget\" data-settings=\"{&quot;_animation&quot;:&quot;none&quot;}\" data-widget_type=\"social-icons.default\">\n\t\t\t\t<div class=\"elementor-widget-container\">\n\t\t\t\t\t\t\t<div class=\"elementor-social-icons-wrapper elementor-grid\" role=\"list\">\n\t\t\t\t\t\t\t<span class=\"elementor-grid-item\" role=\"listitem\">\n\t\t\t\t\t<a class=\"elementor-icon elementor-social-icon elementor-social-icon-facebook elementor-repeater-item-251a54e\" href=\"https:\/\/www.facebook.com\/lauammx\" target=\"_blank\">\n\t\t\t\t\t\t<span class=\"elementor-screen-only\">Facebook<\/span>\n\t\t\t\t\t\t<i aria-hidden=\"true\" class=\"fab fa-facebook\"><\/i>\t\t\t\t\t<\/a>\n\t\t\t\t<\/span>\n\t\t\t\t\t\t\t<span class=\"elementor-grid-item\" role=\"listitem\">\n\t\t\t\t\t<a class=\"elementor-icon elementor-social-icon elementor-social-icon-instagram elementor-repeater-item-83fa0dc\" href=\"https:\/\/www.instagram.com\/lauammx\/\" target=\"_blank\">\n\t\t\t\t\t\t<span class=\"elementor-screen-only\">Instagram<\/span>\n\t\t\t\t\t\t<i aria-hidden=\"true\" class=\"fab fa-instagram\"><\/i>\t\t\t\t\t<\/a>\n\t\t\t\t<\/span>\n\t\t\t\t\t<\/div>\n\t\t\t\t\t\t<\/div>\n\t\t\t\t<\/div>\n\t\t\t\t\t<\/div>\n\t\t\t\t<\/div>\n\t\t<div class=\"elementor-element elementor-element-a5d1c38 e-flex e-con-boxed e-con e-parent\" data-id=\"a5d1c38\" data-element_type=\"container\" data-e-type=\"container\">\n\t\t\t\t\t<div class=\"e-con-inner\">\n\t\t<div class=\"elementor-element elementor-element-345b98e e-con-full e-flex e-con e-child\" data-id=\"345b98e\" data-element_type=\"container\" data-e-type=\"container\">\n\t\t\t\t<div class=\"elementor-element elementor-element-773b16a elementor-widget__width-inherit elementor-widget elementor-widget-text-editor\" data-id=\"773b16a\" data-element_type=\"widget\" data-e-type=\"widget\" data-widget_type=\"text-editor.default\">\n\t\t\t\t<div class=\"elementor-widget-container\">\n\t\t\t\t\t\t\t\t\t<p><strong><img decoding=\"async\" class=\"alignnone size-full wp-image-206\" src=\"https:\/\/becas.uam.mx\/il\/wp-content\/uploads\/sites\/7\/2023\/10\/balota.png\" alt=\"\" width=\"20\" height=\"15\" \/>Instructivo de Pagos e Informaci\u00f3n de Beca<\/strong><\/p>\t\t\t\t\t\t\t\t<\/div>\n\t\t\t\t<\/div>\n\t\t\t\t<div class=\"elementor-element elementor-element-dadcf3f elementor-widget elementor-widget-text-editor\" data-id=\"dadcf3f\" data-element_type=\"widget\" data-e-type=\"widget\" data-widget_type=\"text-editor.default\">\n\t\t\t\t<div class=\"elementor-widget-container\">\n\t\t\t\t\t\t\t\t\t<ul><li>El pago de la beca se realiza el\u00a0<strong>\u00faltimo d\u00eda h\u00e1bil de cada mes o los cinco primeros d\u00edas h\u00e1biles del siguiente (conforme al calendario UAM)<\/strong>.<\/li><li>Es importante verifiques que la cuenta permita transferencias electr\u00f3nicas, retiros y dep\u00f3sitos mayores al monto total de la beca.<\/li><li>La cuenta debe pertenecer a una instituci\u00f3n bancaria que resida dentro del territorio nacional.<\/li><li>Activa tu cuenta de correo electr\u00f3nico oficial de la UAM para enviarte cualquier informaci\u00f3n.<\/li><li>S\u00edguenos por Facebook: BECAS UAM<\/li><li>Es requisito indispensable no adeudar documentos a la UAM para estar en posibilidad de recibir la beca.<\/li><li>Como parte de los requisitos que establecen las Reglas de Operaci\u00f3n del Programa de Becas, es <strong>OBLIGATORIO<\/strong>\u00a0asistir a las reuniones de\u00a0<strong>Contralor\u00eda Social<\/strong> (la notificaci\u00f3n la recibir\u00e1s a trav\u00e9s del correo electr\u00f3nico).<\/li><li>Para recibir el pago de la beca, es requisito indispensable realizar todos los tr\u00e1mites para la formalizaci\u00f3n.<\/li><\/ul>\t\t\t\t\t\t\t\t<\/div>\n\t\t\t\t<\/div>\n\t\t\t\t<div class=\"elementor-element elementor-element-19b1c32 elementor-widget__width-inherit elementor-widget elementor-widget-text-editor\" data-id=\"19b1c32\" data-element_type=\"widget\" data-e-type=\"widget\" data-widget_type=\"text-editor.default\">\n\t\t\t\t<div class=\"elementor-widget-container\">\n\t\t\t\t\t\t\t\t\t<p><strong><img decoding=\"async\" class=\"alignnone size-full wp-image-206\" src=\"https:\/\/becas.uam.mx\/il\/wp-content\/uploads\/sites\/7\/2023\/10\/balota.png\" alt=\"\" width=\"20\" height=\"15\" \/>Institutos<\/strong><\/p>\t\t\t\t\t\t\t\t<\/div>\n\t\t\t\t<\/div>\n\t\t\t\t<\/div>\n\t\t\t\t\t<\/div>\n\t\t\t\t<\/div>\n\t\t<div class=\"elementor-element elementor-element-7b0628e e-flex e-con-boxed e-con e-parent\" data-id=\"7b0628e\" data-element_type=\"container\" data-e-type=\"container\">\n\t\t\t\t\t<div class=\"e-con-inner\">\n\t\t<div class=\"elementor-element elementor-element-9d39710 e-con-full e-flex e-con e-child\" data-id=\"9d39710\" data-element_type=\"container\" data-e-type=\"container\">\n\t\t\t\t<div class=\"elementor-element elementor-element-9d4e1fd animated-slow elementor-invisible elementor-widget elementor-widget-image\" data-id=\"9d4e1fd\" data-element_type=\"widget\" data-e-type=\"widget\" data-settings=\"{&quot;_animation&quot;:&quot;tada&quot;}\" data-widget_type=\"image.default\">\n\t\t\t\t<div class=\"elementor-widget-container\">\n\t\t\t\t\t\t\t\t\t\t\t\t\t\t\t\t<a href=\"https:\/\/www.britishcouncil.org.mx\/ingles\/online\">\n\t\t\t\t\t\t\t<img decoding=\"async\" width=\"1024\" height=\"501\" src=\"https:\/\/becas.uam.mx\/il\/wp-content\/uploads\/sites\/7\/2024\/01\/BritishCouncil_Logo-1024x501.png\" class=\"attachment-large size-large wp-image-366\" alt=\"\" srcset=\"https:\/\/becas.uam.mx\/il\/wp-content\/uploads\/sites\/7\/2024\/01\/BritishCouncil_Logo-1024x501.png 1024w, https:\/\/becas.uam.mx\/il\/wp-content\/uploads\/sites\/7\/2024\/01\/BritishCouncil_Logo-300x147.png 300w, https:\/\/becas.uam.mx\/il\/wp-content\/uploads\/sites\/7\/2024\/01\/BritishCouncil_Logo-768x376.png 768w, https:\/\/becas.uam.mx\/il\/wp-content\/uploads\/sites\/7\/2024\/01\/BritishCouncil_Logo.png 1294w\" sizes=\"(max-width: 1024px) 100vw, 1024px\" \/>\t\t\t\t\t\t\t\t<\/a>\n\t\t\t\t\t\t\t\t\t\t\t\t\t\t\t<\/div>\n\t\t\t\t<\/div>\n\t\t\t\t<\/div>\n\t\t<div class=\"elementor-element elementor-element-7942d1f e-con-full e-flex e-con e-child\" data-id=\"7942d1f\" data-element_type=\"container\" data-e-type=\"container\">\n\t\t\t\t<div class=\"elementor-element elementor-element-ed6d094 elementor-widget elementor-widget-text-editor\" data-id=\"ed6d094\" data-element_type=\"widget\" data-e-type=\"widget\" data-widget_type=\"text-editor.default\">\n\t\t\t\t<div class=\"elementor-widget-container\">\n\t\t\t\t\t\t\t\t\t<h2 class=\"tit_1\"><span style=\"color: #333399\">Informaci\u00f3n importante para los aspirantes a una beca de idioma en British Council:<\/span><\/h2><p>Fecha de impartici\u00f3n de curso: Enero 2025.<\/p><p>Datos de contacto: <a href=\"mailto:corporatesupportmx@britishcouncil.org\">corporatesupportmx@britishcouncil.org<\/a><\/p><p>P\u00e1gina Web: <a href=\"https:\/\/www.britishcouncil.org.mx\/ingles\/online\">https:\/\/www.britishcouncil.org.mx\/ingles\/online<\/a><\/p>\t\t\t\t\t\t\t\t<\/div>\n\t\t\t\t<\/div>\n\t\t\t\t<\/div>\n\t\t<div class=\"elementor-element elementor-element-58002b9 e-con-full e-flex e-con e-child\" data-id=\"58002b9\" data-element_type=\"container\" data-e-type=\"container\">\n\t\t\t\t<div class=\"elementor-element elementor-element-ccdb725 elementor-widget elementor-widget-text-editor\" data-id=\"ccdb725\" data-element_type=\"widget\" data-e-type=\"widget\" data-widget_type=\"text-editor.default\">\n\t\t\t\t<div class=\"elementor-widget-container\">\n\t\t\t\t\t\t\t\t\t<h2 class=\"tit_1\"><span style=\"color: #333399\">Informaci\u00f3n importante para los aspirantes a una beca de idioma en University of Central Florida:<\/span><\/h2><p>Fecha de impartici\u00f3n de curso: Enero 2025.<\/p><p>Datos de contacto: <a href=\"mailto:globaladmissions@ucf.edu\">globaladmissions@ucf.edu<\/a>\u00a0<\/p><p>P\u00e1gina Web: <a href=\"https:\/\/global.ucf.edu\/uam\/\">https:\/\/global.ucf.edu\/uam\/<\/a><\/p>\t\t\t\t\t\t\t\t<\/div>\n\t\t\t\t<\/div>\n\t\t\t\t<\/div>\n\t\t<div class=\"elementor-element elementor-element-d82a31e e-con-full e-flex e-con e-child\" data-id=\"d82a31e\" data-element_type=\"container\" data-e-type=\"container\">\n\t\t\t\t<div class=\"elementor-element elementor-element-f148a3e animated-slow elementor-invisible elementor-widget elementor-widget-image\" data-id=\"f148a3e\" data-element_type=\"widget\" data-e-type=\"widget\" data-settings=\"{&quot;_animation&quot;:&quot;tada&quot;,&quot;_animation_delay&quot;:&quot;0&quot;}\" data-widget_type=\"image.default\">\n\t\t\t\t<div class=\"elementor-widget-container\">\n\t\t\t\t\t\t\t\t\t\t\t\t\t\t\t\t<a href=\"https:\/\/global.ucf.edu\/uam\/\">\n\t\t\t\t\t\t\t<img loading=\"lazy\" decoding=\"async\" width=\"300\" height=\"300\" src=\"https:\/\/becas.uam.mx\/il\/wp-content\/uploads\/sites\/7\/2024\/01\/UCF-300x300.png\" class=\"attachment-medium size-medium wp-image-367\" alt=\"\" srcset=\"https:\/\/becas.uam.mx\/il\/wp-content\/uploads\/sites\/7\/2024\/01\/UCF-300x300.png 300w, https:\/\/becas.uam.mx\/il\/wp-content\/uploads\/sites\/7\/2024\/01\/UCF-150x150.png 150w, https:\/\/becas.uam.mx\/il\/wp-content\/uploads\/sites\/7\/2024\/01\/UCF.png 640w\" sizes=\"(max-width: 300px) 100vw, 300px\" \/>\t\t\t\t\t\t\t\t<\/a>\n\t\t\t\t\t\t\t\t\t\t\t\t\t\t\t<\/div>\n\t\t\t\t<\/div>\n\t\t\t\t<\/div>\n\t\t\t\t\t<\/div>\n\t\t\t\t<\/div>\n\t\t<div class=\"elementor-element elementor-element-d2d43f0 e-flex e-con-boxed e-con e-parent\" data-id=\"d2d43f0\" data-element_type=\"container\" data-e-type=\"container\">\n\t\t\t\t\t<div class=\"e-con-inner\">\n\t\t<div class=\"elementor-element elementor-element-df28b03 e-con-full e-flex e-con e-child\" data-id=\"df28b03\" data-element_type=\"container\" data-e-type=\"container\">\n\t\t\t\t<div class=\"elementor-element elementor-element-3c69dfa animated-slow elementor-invisible elementor-widget elementor-widget-image\" data-id=\"3c69dfa\" data-element_type=\"widget\" data-e-type=\"widget\" data-settings=\"{&quot;_animation&quot;:&quot;tada&quot;}\" data-widget_type=\"image.default\">\n\t\t\t\t<div class=\"elementor-widget-container\">\n\t\t\t\t\t\t\t\t\t\t\t\t\t\t\t\t<a href=\"https:\/\/ifal.mx\/\">\n\t\t\t\t\t\t\t<img loading=\"lazy\" decoding=\"async\" width=\"280\" height=\"180\" src=\"https:\/\/becas.uam.mx\/il\/wp-content\/uploads\/sites\/7\/2024\/01\/IFAL.png\" class=\"attachment-large size-large wp-image-364\" alt=\"\" \/>\t\t\t\t\t\t\t\t<\/a>\n\t\t\t\t\t\t\t\t\t\t\t\t\t\t\t<\/div>\n\t\t\t\t<\/div>\n\t\t\t\t<\/div>\n\t\t<div class=\"elementor-element elementor-element-8a5793e e-con-full e-flex e-con e-child\" data-id=\"8a5793e\" data-element_type=\"container\" data-e-type=\"container\">\n\t\t\t\t<div class=\"elementor-element elementor-element-aa97536 elementor-widget elementor-widget-text-editor\" data-id=\"aa97536\" data-element_type=\"widget\" data-e-type=\"widget\" data-widget_type=\"text-editor.default\">\n\t\t\t\t<div class=\"elementor-widget-container\">\n\t\t\t\t\t\t\t\t\t<h2 class=\"tit_1\"><span style=\"color: #333399\"><strong>Informaci\u00f3n importante para los aspirantes a una beca de idioma en el IFAL:<\/strong><\/span><\/h2><p>\u00a0Fechas de impartici\u00f3n de cursos: Enero 2025.<\/p><p>Datos de contacto:<a class=\"entextogrande\" href=\"mailto:inscripciones@ifal.mx\" target=\"_blank\" rel=\"noopener\">inscripciones@ifal.mx<\/a><\/p><p>P\u00e1gina Web: <a href=\"https:\/\/ifal.mx\/\">https:\/\/ifal.mx\/<\/a><\/p>\t\t\t\t\t\t\t\t<\/div>\n\t\t\t\t<\/div>\n\t\t\t\t<\/div>\n\t\t<div class=\"elementor-element elementor-element-88343b2 e-con-full e-flex e-con e-child\" data-id=\"88343b2\" data-element_type=\"container\" data-e-type=\"container\">\n\t\t\t\t<div class=\"elementor-element elementor-element-d4e5eee elementor-widget elementor-widget-text-editor\" data-id=\"d4e5eee\" data-element_type=\"widget\" data-e-type=\"widget\" data-widget_type=\"text-editor.default\">\n\t\t\t\t<div class=\"elementor-widget-container\">\n\t\t\t\t\t\t\t\t\t<h2 class=\"tit_1\"><span style=\"color: #333399\">Informaci\u00f3n importante para los aspirantes a una beca de idioma en The Anglo:<\/span><\/h2><p>Fecha de impartici\u00f3n de curso: Febrero 2025.<\/p><p>Datos de contacto:\u00a0<\/p><p>P\u00e1gina Web: https:\/\/theanglo.mx\/ingles-en-linea-en-the-anglo\/<\/p>\t\t\t\t\t\t\t\t<\/div>\n\t\t\t\t<\/div>\n\t\t\t\t<\/div>\n\t\t<div class=\"elementor-element elementor-element-1c19168 e-con-full e-flex e-con e-child\" data-id=\"1c19168\" data-element_type=\"container\" data-e-type=\"container\">\n\t\t\t\t<div class=\"elementor-element elementor-element-b6c93bf animated-slow elementor-invisible elementor-widget elementor-widget-image\" data-id=\"b6c93bf\" data-element_type=\"widget\" data-e-type=\"widget\" data-settings=\"{&quot;_animation&quot;:&quot;tada&quot;}\" data-widget_type=\"image.default\">\n\t\t\t\t<div class=\"elementor-widget-container\">\n\t\t\t\t\t\t\t\t\t\t\t\t\t\t\t\t<a href=\"https:\/\/theanglo.mx\/ingles-en-linea-en-the-anglo\/\">\n\t\t\t\t\t\t\t<img loading=\"lazy\" decoding=\"async\" width=\"1024\" height=\"515\" src=\"https:\/\/becas.uam.mx\/il\/wp-content\/uploads\/sites\/7\/2024\/01\/The-Anglo-1024x515.png\" class=\"attachment-large size-large wp-image-369\" alt=\"\" srcset=\"https:\/\/becas.uam.mx\/il\/wp-content\/uploads\/sites\/7\/2024\/01\/The-Anglo-1024x515.png 1024w, https:\/\/becas.uam.mx\/il\/wp-content\/uploads\/sites\/7\/2024\/01\/The-Anglo-300x151.png 300w, https:\/\/becas.uam.mx\/il\/wp-content\/uploads\/sites\/7\/2024\/01\/The-Anglo-768x386.png 768w, https:\/\/becas.uam.mx\/il\/wp-content\/uploads\/sites\/7\/2024\/01\/The-Anglo-1536x773.png 1536w, https:\/\/becas.uam.mx\/il\/wp-content\/uploads\/sites\/7\/2024\/01\/The-Anglo-2048x1031.png 2048w\" sizes=\"(max-width: 1024px) 100vw, 1024px\" \/>\t\t\t\t\t\t\t\t<\/a>\n\t\t\t\t\t\t\t\t\t\t\t\t\t\t\t<\/div>\n\t\t\t\t<\/div>\n\t\t\t\t<\/div>\n\t\t\t\t\t<\/div>\n\t\t\t\t<\/div>\n\t\t<div class=\"elementor-element elementor-element-14207ae e-flex e-con-boxed e-con e-parent\" data-id=\"14207ae\" data-element_type=\"container\" data-e-type=\"container\">\n\t\t\t\t\t<div class=\"e-con-inner\">\n\t\t<div class=\"elementor-element elementor-element-df635d4 e-con-full e-flex e-con e-child\" data-id=\"df635d4\" data-element_type=\"container\" data-e-type=\"container\">\n\t\t\t\t<div class=\"elementor-element elementor-element-0fb17f8 animated-slow elementor-invisible elementor-widget elementor-widget-image\" data-id=\"0fb17f8\" data-element_type=\"widget\" data-e-type=\"widget\" data-settings=\"{&quot;_animation&quot;:&quot;tada&quot;}\" data-widget_type=\"image.default\">\n\t\t\t\t<div class=\"elementor-widget-container\">\n\t\t\t\t\t\t\t\t\t\t\t\t\t\t\t\t<a href=\"https:\/\/celac.unm.edu\/\">\n\t\t\t\t\t\t\t<img loading=\"lazy\" decoding=\"async\" width=\"1024\" height=\"734\" src=\"https:\/\/becas.uam.mx\/il\/wp-content\/uploads\/sites\/7\/2024\/01\/unm-logo-spelled-vertical-color-1024x734.png\" class=\"attachment-large size-large wp-image-368\" alt=\"\" srcset=\"https:\/\/becas.uam.mx\/il\/wp-content\/uploads\/sites\/7\/2024\/01\/unm-logo-spelled-vertical-color-1024x734.png 1024w, https:\/\/becas.uam.mx\/il\/wp-content\/uploads\/sites\/7\/2024\/01\/unm-logo-spelled-vertical-color-300x215.png 300w, https:\/\/becas.uam.mx\/il\/wp-content\/uploads\/sites\/7\/2024\/01\/unm-logo-spelled-vertical-color-768x551.png 768w, https:\/\/becas.uam.mx\/il\/wp-content\/uploads\/sites\/7\/2024\/01\/unm-logo-spelled-vertical-color-1536x1101.png 1536w, https:\/\/becas.uam.mx\/il\/wp-content\/uploads\/sites\/7\/2024\/01\/unm-logo-spelled-vertical-color-2048x1468.png 2048w\" sizes=\"(max-width: 1024px) 100vw, 1024px\" \/>\t\t\t\t\t\t\t\t<\/a>\n\t\t\t\t\t\t\t\t\t\t\t\t\t\t\t<\/div>\n\t\t\t\t<\/div>\n\t\t\t\t<\/div>\n\t\t\t\t<div class=\"elementor-element elementor-element-b5bf8b3 elementor-widget__width-initial elementor-widget-mobile__width-initial elementor-widget elementor-widget-text-editor\" data-id=\"b5bf8b3\" data-element_type=\"widget\" data-e-type=\"widget\" data-widget_type=\"text-editor.default\">\n\t\t\t\t<div class=\"elementor-widget-container\">\n\t\t\t\t\t\t\t\t\t<h2 class=\"tit_1\"><span style=\"color: #333399\">Informaci\u00f3n importante para los aspirantes a una beca de idioma en Universidad de Nuevo M\u00e9xico:<\/span><\/h2><p>Fecha de impartici\u00f3n de curso: Enero 2025.<\/p><p>Datos de contacto: <a href=\"mailto:celac@unm.edu\">celac@unm.edu<\/a><\/p><p>P\u00e1gina Web: <a href=\"https:\/\/celac.unm.edu\/\">https:\/\/celac.unm.edu\/<\/a><\/p>\t\t\t\t\t\t\t\t<\/div>\n\t\t\t\t<\/div>\n\t\t\t\t\t<\/div>\n\t\t\t\t<\/div>\n\t\t<div class=\"elementor-element elementor-element-f76eb7b e-flex e-con-boxed e-con e-parent\" data-id=\"f76eb7b\" data-element_type=\"container\" data-e-type=\"container\">\n\t\t\t\t\t<div class=\"e-con-inner\">\n\t\t\t\t<div class=\"elementor-element elementor-element-70cd55d elementor-widget__width-inherit elementor-widget elementor-widget-text-editor\" data-id=\"70cd55d\" data-element_type=\"widget\" data-e-type=\"widget\" data-widget_type=\"text-editor.default\">\n\t\t\t\t<div class=\"elementor-widget-container\">\n\t\t\t\t\t\t\t\t\t<p><strong><img decoding=\"async\" class=\"alignnone size-full wp-image-206\" src=\"https:\/\/becas.uam.mx\/il\/wp-content\/uploads\/sites\/7\/2023\/10\/balota.png\" alt=\"\" width=\"20\" height=\"15\" \/>Gu\u00eda<\/strong><\/p>\t\t\t\t\t\t\t\t<\/div>\n\t\t\t\t<\/div>\n\t\t\t\t<div class=\"elementor-element elementor-element-fc131ab elementor-widget elementor-widget-image\" data-id=\"fc131ab\" data-element_type=\"widget\" data-e-type=\"widget\" data-widget_type=\"image.default\">\n\t\t\t\t<div class=\"elementor-widget-container\">\n\t\t\t\t\t\t\t\t\t\t\t\t\t\t\t\t<a href=\"https:\/\/becas.uam.mx\/il\/wp-content\/uploads\/sites\/7\/2023\/06\/20230502-Guia-Beca-para-Curso-de-Idioma-en-Linea-de-Licenciatura.pdf\">\n\t\t\t\t\t\t\t<img loading=\"lazy\" decoding=\"async\" width=\"336\" height=\"109\" src=\"https:\/\/becas.uam.mx\/il\/wp-content\/uploads\/sites\/7\/2024\/01\/guia-descarga.png\" class=\"attachment-large size-large wp-image-278\" alt=\"\" srcset=\"https:\/\/becas.uam.mx\/il\/wp-content\/uploads\/sites\/7\/2024\/01\/guia-descarga.png 336w, https:\/\/becas.uam.mx\/il\/wp-content\/uploads\/sites\/7\/2024\/01\/guia-descarga-300x97.png 300w\" sizes=\"(max-width: 336px) 100vw, 336px\" \/>\t\t\t\t\t\t\t\t<\/a>\n\t\t\t\t\t\t\t\t\t\t\t\t\t\t\t<\/div>\n\t\t\t\t<\/div>\n\t\t\t\t<div class=\"elementor-element elementor-element-a7ae34d e-transform e-transform elementor-widget elementor-widget-image\" data-id=\"a7ae34d\" data-element_type=\"widget\" data-e-type=\"widget\" data-settings=\"{&quot;_transform_scale_effect_hover&quot;:{&quot;unit&quot;:&quot;px&quot;,&quot;size&quot;:&quot;1.05&quot;,&quot;sizes&quot;:[]},&quot;_animation&quot;:&quot;none&quot;,&quot;_transform_scale_effect&quot;:{&quot;unit&quot;:&quot;px&quot;,&quot;size&quot;:&quot;&quot;,&quot;sizes&quot;:[]},&quot;_transform_scale_effect_tablet&quot;:{&quot;unit&quot;:&quot;px&quot;,&quot;size&quot;:&quot;&quot;,&quot;sizes&quot;:[]},&quot;_transform_scale_effect_mobile&quot;:{&quot;unit&quot;:&quot;px&quot;,&quot;size&quot;:&quot;&quot;,&quot;sizes&quot;:[]},&quot;_transform_scale_effect_hover_tablet&quot;:{&quot;unit&quot;:&quot;px&quot;,&quot;size&quot;:&quot;&quot;,&quot;sizes&quot;:[]},&quot;_transform_scale_effect_hover_mobile&quot;:{&quot;unit&quot;:&quot;px&quot;,&quot;size&quot;:&quot;&quot;,&quot;sizes&quot;:[]}}\" data-widget_type=\"image.default\">\n\t\t\t\t<div class=\"elementor-widget-container\">\n\t\t\t\t\t\t\t\t\t\t\t\t\t\t\t<img loading=\"lazy\" decoding=\"async\" width=\"221\" height=\"270\" src=\"https:\/\/becas.uam.mx\/il\/wp-content\/uploads\/sites\/7\/2024\/01\/logo-becas-1-1.png\" class=\"attachment-medium size-medium wp-image-328\" alt=\"\" \/>\t\t\t\t\t\t\t\t\t\t\t\t\t\t\t<\/div>\n\t\t\t\t<\/div>\n\t\t\t\t\t<\/div>\n\t\t\t\t<\/div>\n\t\t<div class=\"elementor-element elementor-element-692e57d e-flex e-con-boxed e-con e-parent\" data-id=\"692e57d\" data-element_type=\"container\" data-e-type=\"container\">\n\t\t\t\t\t<div class=\"e-con-inner\">\n\t\t\t\t\t<\/div>\n\t\t\t\t<\/div>\n\t\t\t\t<\/div>\n\t\t","protected":false},"excerpt":{"rendered":"<p>Beca para curso de idioma en l\u00ednea de Licenciatura Informaci\u00f3n para becarios Facebook Instagram Instructivo de Pagos e Informaci\u00f3n de Beca El pago de la beca se realiza el\u00a0\u00faltimo d\u00eda h\u00e1bil de cada mes o los cinco primeros d\u00edas h\u00e1biles del siguiente (conforme al calendario UAM). Es importante verifiques que la cuenta permita transferencias electr\u00f3nicas, [&hellip;]<\/p>\n","protected":false},"author":1,"featured_media":0,"parent":0,"menu_order":0,"comment_status":"closed","ping_status":"closed","template":"","meta":{"footnotes":""},"class_list":["post-10","page","type-page","status-publish","hentry"],"blocksy_meta":[],"_links":{"self":[{"href":"https:\/\/becas.uam.mx\/il\/wp-json\/wp\/v2\/pages\/10","targetHints":{"allow":["GET"]}}],"collection":[{"href":"https:\/\/becas.uam.mx\/il\/wp-json\/wp\/v2\/pages"}],"about":[{"href":"https:\/\/becas.uam.mx\/il\/wp-json\/wp\/v2\/types\/page"}],"author":[{"embeddable":true,"href":"https:\/\/becas.uam.mx\/il\/wp-json\/wp\/v2\/users\/1"}],"replies":[{"embeddable":true,"href":"https:\/\/becas.uam.mx\/il\/wp-json\/wp\/v2\/comments?post=10"}],"version-history":[{"count":94,"href":"https:\/\/becas.uam.mx\/il\/wp-json\/wp\/v2\/pages\/10\/revisions"}],"predecessor-version":[{"id":566,"href":"https:\/\/becas.uam.mx\/il\/wp-json\/wp\/v2\/pages\/10\/revisions\/566"}],"wp:attachment":[{"href":"https:\/\/becas.uam.mx\/il\/wp-json\/wp\/v2\/media?parent=10"}],"curies":[{"name":"wp","href":"https:\/\/api.w.org\/{rel}","templated":true}]}}