{"id":23,"date":"2023-06-12T23:31:05","date_gmt":"2023-06-12T23:31:05","guid":{"rendered":"https:\/\/becas.uam.mx\/ip\/?page_id=23"},"modified":"2024-10-08T21:29:25","modified_gmt":"2024-10-08T21:29:25","slug":"informacion","status":"publish","type":"page","link":"https:\/\/becas.uam.mx\/ip\/informacion\/","title":{"rendered":"Informaci\u00f3n"},"content":{"rendered":"\t\t<div data-elementor-type=\"wp-page\" data-elementor-id=\"23\" class=\"elementor elementor-23\">\n\t\t\t\t<div class=\"elementor-element elementor-element-18c589c e-con-full e-flex e-con e-parent\" data-id=\"18c589c\" data-element_type=\"container\" data-e-type=\"container\" data-settings=\"{&quot;background_background&quot;:&quot;classic&quot;}\">\n\t\t\t\t<\/div>\n\t\t<div class=\"elementor-element elementor-element-1d8eebf e-flex e-con-boxed e-con e-parent\" data-id=\"1d8eebf\" data-element_type=\"container\" data-e-type=\"container\">\n\t\t\t\t\t<div class=\"e-con-inner\">\n\t\t<div class=\"elementor-element elementor-element-a828d32 e-flex e-con-boxed e-con e-child\" data-id=\"a828d32\" data-element_type=\"container\" data-e-type=\"container\">\n\t\t\t\t\t<div class=\"e-con-inner\">\n\t\t<div class=\"elementor-element elementor-element-ed541a3 e-con-full e-flex e-con e-child\" data-id=\"ed541a3\" data-element_type=\"container\" data-e-type=\"container\">\n\t\t\t\t<div class=\"elementor-element elementor-element-9a96fb8 e-transform e-transform elementor-widget elementor-widget-image\" data-id=\"9a96fb8\" data-element_type=\"widget\" data-e-type=\"widget\" data-settings=\"{&quot;_transform_scale_effect_hover&quot;:{&quot;unit&quot;:&quot;px&quot;,&quot;size&quot;:&quot;1.05&quot;,&quot;sizes&quot;:[]},&quot;_animation&quot;:&quot;none&quot;,&quot;_transform_scale_effect&quot;:{&quot;unit&quot;:&quot;px&quot;,&quot;size&quot;:&quot;&quot;,&quot;sizes&quot;:[]},&quot;_transform_scale_effect_tablet&quot;:{&quot;unit&quot;:&quot;px&quot;,&quot;size&quot;:&quot;&quot;,&quot;sizes&quot;:[]},&quot;_transform_scale_effect_mobile&quot;:{&quot;unit&quot;:&quot;px&quot;,&quot;size&quot;:&quot;&quot;,&quot;sizes&quot;:[]},&quot;_transform_scale_effect_hover_tablet&quot;:{&quot;unit&quot;:&quot;px&quot;,&quot;size&quot;:&quot;&quot;,&quot;sizes&quot;:[]},&quot;_transform_scale_effect_hover_mobile&quot;:{&quot;unit&quot;:&quot;px&quot;,&quot;size&quot;:&quot;&quot;,&quot;sizes&quot;:[]}}\" data-widget_type=\"image.default\">\n\t\t\t\t<div class=\"elementor-widget-container\">\n\t\t\t\t\t\t\t\t\t\t\t\t\t\t\t<img fetchpriority=\"high\" decoding=\"async\" width=\"221\" height=\"270\" src=\"https:\/\/becas.uam.mx\/ip\/wp-content\/uploads\/sites\/6\/2023\/10\/logo-becas-1.png\" class=\"attachment-full size-full wp-image-246\" alt=\"\" \/>\t\t\t\t\t\t\t\t\t\t\t\t\t\t\t<\/div>\n\t\t\t\t<\/div>\n\t\t\t\t<\/div>\n\t\t<div class=\"elementor-element elementor-element-46ccb75 e-con-full e-flex e-con e-child\" data-id=\"46ccb75\" data-element_type=\"container\" data-e-type=\"container\">\n\t\t\t\t<div class=\"elementor-element elementor-element-6e74d00 elementor-invisible elementor-widget elementor-widget-heading\" data-id=\"6e74d00\" data-element_type=\"widget\" data-e-type=\"widget\" data-settings=\"{&quot;_animation&quot;:&quot;fadeInDown&quot;}\" data-widget_type=\"heading.default\">\n\t\t\t\t<div class=\"elementor-widget-container\">\n\t\t\t\t\t<h2 class=\"elementor-heading-title elementor-size-default\">Beca para curso de idioma en l\u00ednea de Posgrado<\/h2>\t\t\t\t<\/div>\n\t\t\t\t<\/div>\n\t\t\t\t<\/div>\n\t\t\t\t\t<\/div>\n\t\t\t\t<\/div>\n\t\t\t\t\t<\/div>\n\t\t\t\t<\/div>\n\t\t<div class=\"elementor-element elementor-element-0661bf6 e-flex e-con-boxed e-con e-parent\" data-id=\"0661bf6\" data-element_type=\"container\" data-e-type=\"container\">\n\t\t\t\t\t<div class=\"e-con-inner\">\n\t\t<div class=\"elementor-element elementor-element-65249c8 e-con-full e-flex e-con e-child\" data-id=\"65249c8\" data-element_type=\"container\" data-e-type=\"container\">\n\t\t\t\t<div class=\"elementor-element elementor-element-5001c96 elementor-widget__width-inherit elementor-widget elementor-widget-text-editor\" data-id=\"5001c96\" data-element_type=\"widget\" data-e-type=\"widget\" data-widget_type=\"text-editor.default\">\n\t\t\t\t<div class=\"elementor-widget-container\">\n\t\t\t\t\t\t\t\t\t<p>Informaci\u00f3n para becarios<\/p>\t\t\t\t\t\t\t\t<\/div>\n\t\t\t\t<\/div>\n\t\t\t\t<div class=\"elementor-element elementor-element-0e78990 elementor-shape-square elementor-grid-tablet-1 elementor-grid-mobile-1 e-grid-align-mobile-right elementor-widget-tablet__width-initial e-grid-align-right elementor-grid-0 elementor-widget elementor-widget-social-icons\" data-id=\"0e78990\" data-element_type=\"widget\" data-e-type=\"widget\" data-settings=\"{&quot;_animation&quot;:&quot;none&quot;}\" data-widget_type=\"social-icons.default\">\n\t\t\t\t<div class=\"elementor-widget-container\">\n\t\t\t\t\t\t\t<div class=\"elementor-social-icons-wrapper elementor-grid\" role=\"list\">\n\t\t\t\t\t\t\t<span class=\"elementor-grid-item\" role=\"listitem\">\n\t\t\t\t\t<a class=\"elementor-icon elementor-social-icon elementor-social-icon-facebook elementor-repeater-item-251a54e\" href=\"https:\/\/www.facebook.com\/lauammx\" target=\"_blank\">\n\t\t\t\t\t\t<span class=\"elementor-screen-only\">Facebook<\/span>\n\t\t\t\t\t\t<i aria-hidden=\"true\" class=\"fab fa-facebook\"><\/i>\t\t\t\t\t<\/a>\n\t\t\t\t<\/span>\n\t\t\t\t\t\t\t<span class=\"elementor-grid-item\" role=\"listitem\">\n\t\t\t\t\t<a class=\"elementor-icon elementor-social-icon elementor-social-icon-instagram elementor-repeater-item-83fa0dc\" href=\"https:\/\/www.instagram.com\/lauammx\/\" target=\"_blank\">\n\t\t\t\t\t\t<span class=\"elementor-screen-only\">Instagram<\/span>\n\t\t\t\t\t\t<i aria-hidden=\"true\" class=\"fab fa-instagram\"><\/i>\t\t\t\t\t<\/a>\n\t\t\t\t<\/span>\n\t\t\t\t\t<\/div>\n\t\t\t\t\t\t<\/div>\n\t\t\t\t<\/div>\n\t\t\t\t<div class=\"elementor-element elementor-element-2d266c7 elementor-widget__width-inherit elementor-widget elementor-widget-text-editor\" data-id=\"2d266c7\" data-element_type=\"widget\" data-e-type=\"widget\" data-widget_type=\"text-editor.default\">\n\t\t\t\t<div class=\"elementor-widget-container\">\n\t\t\t\t\t\t\t\t\t<p><strong><img decoding=\"async\" class=\"alignnone size-full wp-image-242\" src=\"https:\/\/becas.uam.mx\/ip\/wp-content\/uploads\/sites\/6\/2023\/10\/balota.png\" alt=\"\" width=\"20\" height=\"15\" \/>Informaci\u00f3n de Beca <\/strong><\/p>\t\t\t\t\t\t\t\t<\/div>\n\t\t\t\t<\/div>\n\t\t\t\t<div class=\"elementor-element elementor-element-60b26b2 elementor-widget elementor-widget-text-editor\" data-id=\"60b26b2\" data-element_type=\"widget\" data-e-type=\"widget\" data-widget_type=\"text-editor.default\">\n\t\t\t\t<div class=\"elementor-widget-container\">\n\t\t\t\t\t\t\t\t\t<ul><li>El pago de la beca se realiza el\u00a0<strong>\u00faltimo d\u00eda h\u00e1bil de cada mes o los cinco primeros d\u00edas h\u00e1biles del siguiente (conforme al calendario UAM)<\/strong>.<\/li><li>Es importante verifiques que la cuenta permita transferencias electr\u00f3nicas, retiros y dep\u00f3sitos mayores al monto total de la beca.<\/li><li>La cuenta debe pertenecer a una instituci\u00f3n bancaria que resida dentro del territorio nacional.<\/li><li>Activa tu cuenta de correo electr\u00f3nico oficial de la UAM para enviarte cualquier informaci\u00f3n.<\/li><li>S\u00edguenos por Facebook: BECAS UAM<\/li><li>Es requisito indispensable no adeudar documentos a la UAM para estar en posibilidad de recibir la beca.<\/li><li>Como parte de los requisitos que establecen las Reglas de Operaci\u00f3n del Programa de Becas, es <strong>OBLIGATORIO<\/strong>\u00a0asistir a las reuniones de\u00a0<strong>Contralor\u00eda Social<\/strong> (la notificaci\u00f3n la recibir\u00e1s a trav\u00e9s del correo electr\u00f3nico).<\/li><li>Para recibir el pago de la beca, es requisito indispensable realizar todos los tr\u00e1mites para la formalizaci\u00f3n.<\/li><\/ul>\t\t\t\t\t\t\t\t<\/div>\n\t\t\t\t<\/div>\n\t\t\t\t<\/div>\n\t\t\t\t\t<\/div>\n\t\t\t\t<\/div>\n\t\t<div class=\"elementor-element elementor-element-3210e93 e-flex e-con-boxed e-con e-parent\" data-id=\"3210e93\" data-element_type=\"container\" data-e-type=\"container\">\n\t\t\t\t\t<div class=\"e-con-inner\">\n\t\t\t\t<div class=\"elementor-element elementor-element-2ff3fec elementor-widget__width-inherit elementor-widget elementor-widget-text-editor\" data-id=\"2ff3fec\" data-element_type=\"widget\" data-e-type=\"widget\" data-widget_type=\"text-editor.default\">\n\t\t\t\t<div class=\"elementor-widget-container\">\n\t\t\t\t\t\t\t\t\t<p><strong><img decoding=\"async\" class=\"alignnone size-full wp-image-206\" src=\"https:\/\/becas.uam.mx\/il\/wp-content\/uploads\/sites\/7\/2023\/10\/balota.png\" alt=\"\" width=\"20\" height=\"15\" \/>Institutos<\/strong><\/p>\t\t\t\t\t\t\t\t<\/div>\n\t\t\t\t<\/div>\n\t\t<div class=\"elementor-element elementor-element-ab56cf6 e-flex e-con-boxed e-con e-child\" data-id=\"ab56cf6\" data-element_type=\"container\" data-e-type=\"container\">\n\t\t\t\t\t<div class=\"e-con-inner\">\n\t\t<div class=\"elementor-element elementor-element-1822b54 e-con-full e-flex e-con e-child\" data-id=\"1822b54\" data-element_type=\"container\" data-e-type=\"container\">\n\t\t\t\t<div class=\"elementor-element elementor-element-3a759bd animated-slow elementor-invisible elementor-widget elementor-widget-image\" data-id=\"3a759bd\" data-element_type=\"widget\" data-e-type=\"widget\" data-settings=\"{&quot;_animation&quot;:&quot;tada&quot;}\" data-widget_type=\"image.default\">\n\t\t\t\t<div class=\"elementor-widget-container\">\n\t\t\t\t\t\t\t\t\t\t\t\t\t\t\t\t<a href=\"https:\/\/www.britishcouncil.org.mx\/ingles\/online\">\n\t\t\t\t\t\t\t<img loading=\"lazy\" decoding=\"async\" width=\"1024\" height=\"501\" src=\"https:\/\/becas.uam.mx\/ip\/wp-content\/uploads\/sites\/6\/2024\/01\/BritishCouncil_Logo-1024x501.png\" class=\"attachment-large size-large wp-image-387\" alt=\"\" srcset=\"https:\/\/becas.uam.mx\/ip\/wp-content\/uploads\/sites\/6\/2024\/01\/BritishCouncil_Logo-1024x501.png 1024w, https:\/\/becas.uam.mx\/ip\/wp-content\/uploads\/sites\/6\/2024\/01\/BritishCouncil_Logo-300x147.png 300w, https:\/\/becas.uam.mx\/ip\/wp-content\/uploads\/sites\/6\/2024\/01\/BritishCouncil_Logo-768x376.png 768w, https:\/\/becas.uam.mx\/ip\/wp-content\/uploads\/sites\/6\/2024\/01\/BritishCouncil_Logo.png 1294w\" sizes=\"(max-width: 1024px) 100vw, 1024px\" \/>\t\t\t\t\t\t\t\t<\/a>\n\t\t\t\t\t\t\t\t\t\t\t\t\t\t\t<\/div>\n\t\t\t\t<\/div>\n\t\t\t\t<\/div>\n\t\t<div class=\"elementor-element elementor-element-861e280 e-con-full e-flex e-con e-child\" data-id=\"861e280\" data-element_type=\"container\" data-e-type=\"container\">\n\t\t\t\t<div class=\"elementor-element elementor-element-4f3d73d elementor-widget elementor-widget-text-editor\" data-id=\"4f3d73d\" data-element_type=\"widget\" data-e-type=\"widget\" data-widget_type=\"text-editor.default\">\n\t\t\t\t<div class=\"elementor-widget-container\">\n\t\t\t\t\t\t\t\t\t<h2 class=\"tit_1\"><span style=\"color: #333399\">Informaci\u00f3n importante para los aspirantes a una beca de idioma en British Council:<\/span><\/h2><p>Fecha de impartici\u00f3n de curso: Enero 2025.<\/p><p>Datos de contacto: <a href=\"mailto:corporatesupportmx@britishcouncil.org\">corporatesupportmx@britishcouncil.org<\/a><\/p><p>P\u00e1gina Web: <a href=\"https:\/\/www.britishcouncil.org.mx\/ingles\/online\">https:\/\/www.britishcouncil.org.mx\/ingles\/online<\/a><\/p>\t\t\t\t\t\t\t\t<\/div>\n\t\t\t\t<\/div>\n\t\t\t\t<\/div>\n\t\t<div class=\"elementor-element elementor-element-c4b58de e-con-full e-flex e-con e-child\" data-id=\"c4b58de\" data-element_type=\"container\" data-e-type=\"container\">\n\t\t\t\t<div class=\"elementor-element elementor-element-65f4f29 elementor-widget elementor-widget-text-editor\" data-id=\"65f4f29\" data-element_type=\"widget\" data-e-type=\"widget\" data-widget_type=\"text-editor.default\">\n\t\t\t\t<div class=\"elementor-widget-container\">\n\t\t\t\t\t\t\t\t\t<h2 class=\"tit_1\"><span style=\"color: #333399\">Informaci\u00f3n importante para los aspirantes a una beca de idioma en University of Central Florida:<\/span><\/h2><p>Fecha de impartici\u00f3n de curso: Enero 2025.<\/p><p>Datos de contacto: <a href=\"mailto:globaladmissions@ucf.edu\">globaladmissions@ucf.edu<\/a>\u00a0<\/p><p>P\u00e1gina Web: <a href=\"https:\/\/global.ucf.edu\/uam\/\">https:\/\/global.ucf.edu\/uam\/<\/a><\/p>\t\t\t\t\t\t\t\t<\/div>\n\t\t\t\t<\/div>\n\t\t\t\t<\/div>\n\t\t<div class=\"elementor-element elementor-element-9308ba1 e-con-full e-flex e-con e-child\" data-id=\"9308ba1\" data-element_type=\"container\" data-e-type=\"container\">\n\t\t\t\t<div class=\"elementor-element elementor-element-7dfb3c5 animated-slow elementor-invisible elementor-widget elementor-widget-image\" data-id=\"7dfb3c5\" data-element_type=\"widget\" data-e-type=\"widget\" data-settings=\"{&quot;_animation&quot;:&quot;tada&quot;}\" data-widget_type=\"image.default\">\n\t\t\t\t<div class=\"elementor-widget-container\">\n\t\t\t\t\t\t\t\t\t\t\t\t\t\t\t\t<a href=\"https:\/\/global.ucf.edu\/uam\/\">\n\t\t\t\t\t\t\t<img loading=\"lazy\" decoding=\"async\" width=\"300\" height=\"300\" src=\"https:\/\/becas.uam.mx\/ip\/wp-content\/uploads\/sites\/6\/2024\/01\/UCF-300x300.png\" class=\"attachment-medium size-medium wp-image-388\" alt=\"\" srcset=\"https:\/\/becas.uam.mx\/ip\/wp-content\/uploads\/sites\/6\/2024\/01\/UCF-300x300.png 300w, https:\/\/becas.uam.mx\/ip\/wp-content\/uploads\/sites\/6\/2024\/01\/UCF-150x150.png 150w, https:\/\/becas.uam.mx\/ip\/wp-content\/uploads\/sites\/6\/2024\/01\/UCF.png 640w\" sizes=\"(max-width: 300px) 100vw, 300px\" \/>\t\t\t\t\t\t\t\t<\/a>\n\t\t\t\t\t\t\t\t\t\t\t\t\t\t\t<\/div>\n\t\t\t\t<\/div>\n\t\t\t\t<\/div>\n\t\t\t\t\t<\/div>\n\t\t\t\t<\/div>\n\t\t\t\t\t<\/div>\n\t\t\t\t<\/div>\n\t\t<div class=\"elementor-element elementor-element-4c48965 e-flex e-con-boxed e-con e-parent\" data-id=\"4c48965\" data-element_type=\"container\" data-e-type=\"container\">\n\t\t\t\t\t<div class=\"e-con-inner\">\n\t\t<div class=\"elementor-element elementor-element-a8aaa1e e-flex e-con-boxed e-con e-child\" data-id=\"a8aaa1e\" data-element_type=\"container\" data-e-type=\"container\">\n\t\t\t\t\t<div class=\"e-con-inner\">\n\t\t<div class=\"elementor-element elementor-element-6109ff8 e-con-full e-flex e-con e-child\" data-id=\"6109ff8\" data-element_type=\"container\" data-e-type=\"container\">\n\t\t\t\t<div class=\"elementor-element elementor-element-c494ff1 animated-slow elementor-invisible elementor-widget elementor-widget-image\" data-id=\"c494ff1\" data-element_type=\"widget\" data-e-type=\"widget\" data-settings=\"{&quot;_animation&quot;:&quot;tada&quot;}\" data-widget_type=\"image.default\">\n\t\t\t\t<div class=\"elementor-widget-container\">\n\t\t\t\t\t\t\t\t\t\t\t\t\t\t\t\t<a href=\"https:\/\/ifal.mx\/\">\n\t\t\t\t\t\t\t<img loading=\"lazy\" decoding=\"async\" width=\"280\" height=\"180\" src=\"https:\/\/becas.uam.mx\/ip\/wp-content\/uploads\/sites\/6\/2024\/01\/IFAL.png\" class=\"attachment-large size-large wp-image-389\" alt=\"\" \/>\t\t\t\t\t\t\t\t<\/a>\n\t\t\t\t\t\t\t\t\t\t\t\t\t\t\t<\/div>\n\t\t\t\t<\/div>\n\t\t\t\t<\/div>\n\t\t<div class=\"elementor-element elementor-element-99000c0 e-con-full e-flex e-con e-child\" data-id=\"99000c0\" data-element_type=\"container\" data-e-type=\"container\">\n\t\t\t\t<div class=\"elementor-element elementor-element-22f1785 elementor-widget elementor-widget-text-editor\" data-id=\"22f1785\" data-element_type=\"widget\" data-e-type=\"widget\" data-widget_type=\"text-editor.default\">\n\t\t\t\t<div class=\"elementor-widget-container\">\n\t\t\t\t\t\t\t\t\t<h2 class=\"tit_1\"><span style=\"color: #333399\"><strong>Informaci\u00f3n importante para los aspirantes a una beca de idioma en el IFAL:<\/strong><\/span><\/h2><p>\u00a0Fechas de impartici\u00f3n de cursos:\u00a0 Enero 2025.<\/p><p>Datos de contacto:<a class=\"entextogrande\" href=\"mailto:inscripciones@ifal.mx\" target=\"_blank\" rel=\"noopener\">inscripciones@ifal.mx<\/a><\/p><p>P\u00e1gina Web: <a href=\"https:\/\/ifal.mx\/\">https:\/\/ifal.mx\/<\/a><\/p>\t\t\t\t\t\t\t\t<\/div>\n\t\t\t\t<\/div>\n\t\t\t\t<\/div>\n\t\t<div class=\"elementor-element elementor-element-92d03fb e-con-full e-flex e-con e-child\" data-id=\"92d03fb\" data-element_type=\"container\" data-e-type=\"container\">\n\t\t\t\t<div class=\"elementor-element elementor-element-9d331a3 elementor-widget elementor-widget-text-editor\" data-id=\"9d331a3\" data-element_type=\"widget\" data-e-type=\"widget\" data-widget_type=\"text-editor.default\">\n\t\t\t\t<div class=\"elementor-widget-container\">\n\t\t\t\t\t\t\t\t\t<h2 class=\"tit_1\"><span style=\"color: #333399\">Informaci\u00f3n importante para los aspirantes a una beca de idioma en The Anglo:<\/span><\/h2><p>Fecha de impartici\u00f3n de curso: Febrero 2025.<\/p><p>Datos de contacto:\u00a0<\/p><p>P\u00e1gina Web: https:\/\/theanglo.mx\/ingles-en-linea-en-the-anglo\/<\/p>\t\t\t\t\t\t\t\t<\/div>\n\t\t\t\t<\/div>\n\t\t\t\t<\/div>\n\t\t<div class=\"elementor-element elementor-element-6938330 e-con-full e-flex e-con e-child\" data-id=\"6938330\" data-element_type=\"container\" data-e-type=\"container\">\n\t\t\t\t<div class=\"elementor-element elementor-element-ec6eed9 animated-slow elementor-invisible elementor-widget elementor-widget-image\" data-id=\"ec6eed9\" data-element_type=\"widget\" data-e-type=\"widget\" data-settings=\"{&quot;_animation&quot;:&quot;tada&quot;}\" data-widget_type=\"image.default\">\n\t\t\t\t<div class=\"elementor-widget-container\">\n\t\t\t\t\t\t\t\t\t\t\t\t\t\t\t\t<a href=\"https:\/\/theanglo.mx\/ingles-en-linea-en-the-anglo\/\">\n\t\t\t\t\t\t\t<img loading=\"lazy\" decoding=\"async\" width=\"1024\" height=\"515\" src=\"https:\/\/becas.uam.mx\/ip\/wp-content\/uploads\/sites\/6\/2024\/01\/The-Anglo-1024x515.png\" class=\"attachment-large size-large wp-image-390\" alt=\"\" srcset=\"https:\/\/becas.uam.mx\/ip\/wp-content\/uploads\/sites\/6\/2024\/01\/The-Anglo-1024x515.png 1024w, https:\/\/becas.uam.mx\/ip\/wp-content\/uploads\/sites\/6\/2024\/01\/The-Anglo-300x151.png 300w, https:\/\/becas.uam.mx\/ip\/wp-content\/uploads\/sites\/6\/2024\/01\/The-Anglo-768x386.png 768w, https:\/\/becas.uam.mx\/ip\/wp-content\/uploads\/sites\/6\/2024\/01\/The-Anglo-1536x773.png 1536w, https:\/\/becas.uam.mx\/ip\/wp-content\/uploads\/sites\/6\/2024\/01\/The-Anglo-2048x1031.png 2048w\" sizes=\"(max-width: 1024px) 100vw, 1024px\" \/>\t\t\t\t\t\t\t\t<\/a>\n\t\t\t\t\t\t\t\t\t\t\t\t\t\t\t<\/div>\n\t\t\t\t<\/div>\n\t\t\t\t<\/div>\n\t\t\t\t\t<\/div>\n\t\t\t\t<\/div>\n\t\t\t\t\t<\/div>\n\t\t\t\t<\/div>\n\t\t<div class=\"elementor-element elementor-element-3dda6d2 e-flex e-con-boxed e-con e-parent\" data-id=\"3dda6d2\" data-element_type=\"container\" data-e-type=\"container\">\n\t\t\t\t\t<div class=\"e-con-inner\">\n\t\t<div class=\"elementor-element elementor-element-cb1b679 e-flex e-con-boxed e-con e-child\" data-id=\"cb1b679\" data-element_type=\"container\" data-e-type=\"container\">\n\t\t\t\t\t<div class=\"e-con-inner\">\n\t\t<div class=\"elementor-element elementor-element-b6a10bf e-con-full e-flex e-con e-child\" data-id=\"b6a10bf\" data-element_type=\"container\" data-e-type=\"container\">\n\t\t\t\t<div class=\"elementor-element elementor-element-b54a3d1 animated-slow elementor-invisible elementor-widget elementor-widget-image\" data-id=\"b54a3d1\" data-element_type=\"widget\" data-e-type=\"widget\" data-settings=\"{&quot;_animation&quot;:&quot;tada&quot;}\" data-widget_type=\"image.default\">\n\t\t\t\t<div class=\"elementor-widget-container\">\n\t\t\t\t\t\t\t\t\t\t\t\t\t\t\t\t<a href=\"https:\/\/celac.unm.edu\/\">\n\t\t\t\t\t\t\t<img loading=\"lazy\" decoding=\"async\" width=\"1024\" height=\"734\" src=\"https:\/\/becas.uam.mx\/ip\/wp-content\/uploads\/sites\/6\/2024\/01\/unm-logo-spelled-vertical-color-1024x734.png\" class=\"attachment-large size-large wp-image-391\" alt=\"\" srcset=\"https:\/\/becas.uam.mx\/ip\/wp-content\/uploads\/sites\/6\/2024\/01\/unm-logo-spelled-vertical-color-1024x734.png 1024w, https:\/\/becas.uam.mx\/ip\/wp-content\/uploads\/sites\/6\/2024\/01\/unm-logo-spelled-vertical-color-300x215.png 300w, https:\/\/becas.uam.mx\/ip\/wp-content\/uploads\/sites\/6\/2024\/01\/unm-logo-spelled-vertical-color-768x551.png 768w, https:\/\/becas.uam.mx\/ip\/wp-content\/uploads\/sites\/6\/2024\/01\/unm-logo-spelled-vertical-color-1536x1101.png 1536w, https:\/\/becas.uam.mx\/ip\/wp-content\/uploads\/sites\/6\/2024\/01\/unm-logo-spelled-vertical-color-2048x1468.png 2048w\" sizes=\"(max-width: 1024px) 100vw, 1024px\" \/>\t\t\t\t\t\t\t\t<\/a>\n\t\t\t\t\t\t\t\t\t\t\t\t\t\t\t<\/div>\n\t\t\t\t<\/div>\n\t\t\t\t<\/div>\n\t\t\t\t<div class=\"elementor-element elementor-element-f9b4bc2 elementor-widget__width-initial elementor-widget-mobile__width-initial elementor-widget elementor-widget-text-editor\" data-id=\"f9b4bc2\" data-element_type=\"widget\" data-e-type=\"widget\" data-widget_type=\"text-editor.default\">\n\t\t\t\t<div class=\"elementor-widget-container\">\n\t\t\t\t\t\t\t\t\t<h2 class=\"tit_1\"><span style=\"color: #333399\">Informaci\u00f3n importante para los aspirantes a una beca de idioma en Universidad de Nuevo M\u00e9xico:<\/span><\/h2><p>Fecha de impartici\u00f3n de curso: Enero 2025.<\/p><p>Datos de contacto: <a href=\"mailto:celac@unm.edu\">celac@unm.edu<\/a><\/p><p>P\u00e1gina Web: <a href=\"https:\/\/celac.unm.edu\/\">https:\/\/celac.unm.edu\/<\/a><\/p>\t\t\t\t\t\t\t\t<\/div>\n\t\t\t\t<\/div>\n\t\t\t\t\t<\/div>\n\t\t\t\t<\/div>\n\t\t\t\t\t<\/div>\n\t\t\t\t<\/div>\n\t\t<div class=\"elementor-element elementor-element-ea42bf0 e-flex e-con-boxed e-con e-parent\" data-id=\"ea42bf0\" data-element_type=\"container\" data-e-type=\"container\">\n\t\t\t\t\t<div class=\"e-con-inner\">\n\t\t\t\t<div class=\"elementor-element elementor-element-d8f3635 elementor-widget__width-inherit elementor-widget elementor-widget-text-editor\" data-id=\"d8f3635\" data-element_type=\"widget\" data-e-type=\"widget\" data-widget_type=\"text-editor.default\">\n\t\t\t\t<div class=\"elementor-widget-container\">\n\t\t\t\t\t\t\t\t\t<p><strong><img decoding=\"async\" class=\"alignnone size-full wp-image-242\" src=\"https:\/\/becas.uam.mx\/ip\/wp-content\/uploads\/sites\/6\/2023\/10\/balota.png\" alt=\"\" width=\"20\" height=\"15\" \/>Gu\u00eda<\/strong><\/p>\t\t\t\t\t\t\t\t<\/div>\n\t\t\t\t<\/div>\n\t\t\t\t<div class=\"elementor-element elementor-element-30b2ba4 elementor-widget elementor-widget-image\" data-id=\"30b2ba4\" data-element_type=\"widget\" data-e-type=\"widget\" data-widget_type=\"image.default\">\n\t\t\t\t<div class=\"elementor-widget-container\">\n\t\t\t\t\t\t\t\t\t\t\t\t\t\t\t\t<a href=\"https:\/\/becas.uam.mx\/ip\/wp-content\/uploads\/sites\/6\/2023\/06\/20230502-Guia-Beca-para-Curso-de-Idioma-en-Linea-de-Posgrado.pdf\" target=\"_blank\">\n\t\t\t\t\t\t\t<img loading=\"lazy\" decoding=\"async\" width=\"336\" height=\"109\" src=\"https:\/\/becas.uam.mx\/ip\/wp-content\/uploads\/sites\/6\/2024\/01\/guia-descarga.png\" class=\"attachment-full size-full wp-image-317\" alt=\"\" srcset=\"https:\/\/becas.uam.mx\/ip\/wp-content\/uploads\/sites\/6\/2024\/01\/guia-descarga.png 336w, https:\/\/becas.uam.mx\/ip\/wp-content\/uploads\/sites\/6\/2024\/01\/guia-descarga-300x97.png 300w\" sizes=\"(max-width: 336px) 100vw, 336px\" \/>\t\t\t\t\t\t\t\t<\/a>\n\t\t\t\t\t\t\t\t\t\t\t\t\t\t\t<\/div>\n\t\t\t\t<\/div>\n\t\t\t\t<div class=\"elementor-element elementor-element-7c3964e e-transform e-transform elementor-widget elementor-widget-image\" data-id=\"7c3964e\" data-element_type=\"widget\" data-e-type=\"widget\" data-settings=\"{&quot;_transform_scale_effect_hover&quot;:{&quot;unit&quot;:&quot;px&quot;,&quot;size&quot;:&quot;1.05&quot;,&quot;sizes&quot;:[]},&quot;_animation&quot;:&quot;none&quot;,&quot;_transform_scale_effect&quot;:{&quot;unit&quot;:&quot;px&quot;,&quot;size&quot;:&quot;&quot;,&quot;sizes&quot;:[]},&quot;_transform_scale_effect_tablet&quot;:{&quot;unit&quot;:&quot;px&quot;,&quot;size&quot;:&quot;&quot;,&quot;sizes&quot;:[]},&quot;_transform_scale_effect_mobile&quot;:{&quot;unit&quot;:&quot;px&quot;,&quot;size&quot;:&quot;&quot;,&quot;sizes&quot;:[]},&quot;_transform_scale_effect_hover_tablet&quot;:{&quot;unit&quot;:&quot;px&quot;,&quot;size&quot;:&quot;&quot;,&quot;sizes&quot;:[]},&quot;_transform_scale_effect_hover_mobile&quot;:{&quot;unit&quot;:&quot;px&quot;,&quot;size&quot;:&quot;&quot;,&quot;sizes&quot;:[]}}\" data-widget_type=\"image.default\">\n\t\t\t\t<div class=\"elementor-widget-container\">\n\t\t\t\t\t\t\t\t\t\t\t\t\t\t\t<img loading=\"lazy\" decoding=\"async\" width=\"221\" height=\"270\" src=\"https:\/\/becas.uam.mx\/ip\/wp-content\/uploads\/sites\/6\/2024\/01\/logo-becas-1-1.png\" class=\"attachment-medium size-medium wp-image-327\" alt=\"\" \/>\t\t\t\t\t\t\t\t\t\t\t\t\t\t\t<\/div>\n\t\t\t\t<\/div>\n\t\t\t\t\t<\/div>\n\t\t\t\t<\/div>\n\t\t\t\t<\/div>\n\t\t","protected":false},"excerpt":{"rendered":"<p>Beca para curso de idioma en l\u00ednea de Posgrado Informaci\u00f3n para becarios Facebook Instagram Informaci\u00f3n de Beca El pago de la beca se realiza el\u00a0\u00faltimo d\u00eda h\u00e1bil de cada mes o los cinco primeros d\u00edas h\u00e1biles del siguiente (conforme al calendario UAM). Es importante verifiques que la cuenta permita transferencias electr\u00f3nicas, retiros y dep\u00f3sitos mayores [&hellip;]<\/p>\n","protected":false},"author":1,"featured_media":0,"parent":0,"menu_order":0,"comment_status":"closed","ping_status":"closed","template":"","meta":{"footnotes":""},"class_list":["post-23","page","type-page","status-publish","hentry"],"blocksy_meta":[],"_links":{"self":[{"href":"https:\/\/becas.uam.mx\/ip\/wp-json\/wp\/v2\/pages\/23","targetHints":{"allow":["GET"]}}],"collection":[{"href":"https:\/\/becas.uam.mx\/ip\/wp-json\/wp\/v2\/pages"}],"about":[{"href":"https:\/\/becas.uam.mx\/ip\/wp-json\/wp\/v2\/types\/page"}],"author":[{"embeddable":true,"href":"https:\/\/becas.uam.mx\/ip\/wp-json\/wp\/v2\/users\/1"}],"replies":[{"embeddable":true,"href":"https:\/\/becas.uam.mx\/ip\/wp-json\/wp\/v2\/comments?post=23"}],"version-history":[{"count":100,"href":"https:\/\/becas.uam.mx\/ip\/wp-json\/wp\/v2\/pages\/23\/revisions"}],"predecessor-version":[{"id":552,"href":"https:\/\/becas.uam.mx\/ip\/wp-json\/wp\/v2\/pages\/23\/revisions\/552"}],"wp:attachment":[{"href":"https:\/\/becas.uam.mx\/ip\/wp-json\/wp\/v2\/media?parent=23"}],"curies":[{"name":"wp","href":"https:\/\/api.w.org\/{rel}","templated":true}]}}