{"id":12,"date":"2023-06-30T21:32:16","date_gmt":"2023-06-30T21:32:16","guid":{"rendered":"https:\/\/becas.uam.mx\/ss\/?page_id=12"},"modified":"2024-01-22T21:16:25","modified_gmt":"2024-01-22T21:16:25","slug":"informacion","status":"publish","type":"page","link":"https:\/\/becas.uam.mx\/ss\/informacion\/","title":{"rendered":"Informaci\u00f3n"},"content":{"rendered":"\t\t<div data-elementor-type=\"wp-page\" data-elementor-id=\"12\" class=\"elementor elementor-12\">\n\t\t\t\t<div class=\"elementor-element elementor-element-fd814e4 e-con-full e-flex e-con e-parent\" data-id=\"fd814e4\" data-element_type=\"container\" data-e-type=\"container\" data-settings=\"{&quot;background_background&quot;:&quot;classic&quot;}\">\n\t\t\t\t<\/div>\n\t\t<div class=\"elementor-element elementor-element-9045b9a e-flex e-con-boxed e-con e-parent\" data-id=\"9045b9a\" data-element_type=\"container\" data-e-type=\"container\">\n\t\t\t\t\t<div class=\"e-con-inner\">\n\t\t<div class=\"elementor-element elementor-element-2a0d344 e-flex e-con-boxed e-con e-child\" data-id=\"2a0d344\" data-element_type=\"container\" data-e-type=\"container\">\n\t\t\t\t\t<div class=\"e-con-inner\">\n\t\t<div class=\"elementor-element elementor-element-77bed5a e-con-full e-flex e-con e-child\" data-id=\"77bed5a\" data-element_type=\"container\" data-e-type=\"container\">\n\t\t\t\t<div class=\"elementor-element elementor-element-e71bc08 e-transform elementor-widget elementor-widget-image\" data-id=\"e71bc08\" data-element_type=\"widget\" data-e-type=\"widget\" data-settings=\"{&quot;_transform_scale_effect_hover&quot;:{&quot;unit&quot;:&quot;px&quot;,&quot;size&quot;:&quot;1.05&quot;,&quot;sizes&quot;:[]},&quot;_animation&quot;:&quot;none&quot;,&quot;_transform_scale_effect_hover_tablet&quot;:{&quot;unit&quot;:&quot;px&quot;,&quot;size&quot;:&quot;&quot;,&quot;sizes&quot;:[]},&quot;_transform_scale_effect_hover_mobile&quot;:{&quot;unit&quot;:&quot;px&quot;,&quot;size&quot;:&quot;&quot;,&quot;sizes&quot;:[]}}\" data-widget_type=\"image.default\">\n\t\t\t\t<div class=\"elementor-widget-container\">\n\t\t\t\t\t\t\t\t\t\t\t\t\t\t\t<img fetchpriority=\"high\" decoding=\"async\" width=\"221\" height=\"270\" src=\"https:\/\/becas.uam.mx\/ss\/wp-content\/uploads\/sites\/12\/2023\/10\/logo-becas-1.png\" class=\"attachment-full size-full wp-image-178\" alt=\"\" \/>\t\t\t\t\t\t\t\t\t\t\t\t\t\t\t<\/div>\n\t\t\t\t<\/div>\n\t\t\t\t<\/div>\n\t\t<div class=\"elementor-element elementor-element-639df90 e-con-full e-flex e-con e-child\" data-id=\"639df90\" data-element_type=\"container\" data-e-type=\"container\">\n\t\t\t\t<div class=\"elementor-element elementor-element-412b882 elementor-invisible elementor-widget elementor-widget-heading\" data-id=\"412b882\" data-element_type=\"widget\" data-e-type=\"widget\" data-settings=\"{&quot;_animation&quot;:&quot;fadeInDown&quot;}\" data-widget_type=\"heading.default\">\n\t\t\t\t<div class=\"elementor-widget-container\">\n\t\t\t\t\t<h2 class=\"elementor-heading-title elementor-size-default\">Beca para realizar Servicio Social<\/h2>\t\t\t\t<\/div>\n\t\t\t\t<\/div>\n\t\t\t\t<\/div>\n\t\t\t\t\t<\/div>\n\t\t\t\t<\/div>\n\t\t\t\t\t<\/div>\n\t\t\t\t<\/div>\n\t\t<div class=\"elementor-element elementor-element-95615eb e-flex e-con-boxed e-con e-parent\" data-id=\"95615eb\" data-element_type=\"container\" data-e-type=\"container\">\n\t\t\t\t\t<div class=\"e-con-inner\">\n\t\t\t\t<div class=\"elementor-element elementor-element-634ec37 elementor-widget__width-inherit elementor-widget elementor-widget-text-editor\" data-id=\"634ec37\" data-element_type=\"widget\" data-e-type=\"widget\" data-widget_type=\"text-editor.default\">\n\t\t\t\t<div class=\"elementor-widget-container\">\n\t\t\t\t\t\t\t\t\t<p>Informaci\u00f3n para becarios<\/p>\t\t\t\t\t\t\t\t<\/div>\n\t\t\t\t<\/div>\n\t\t\t\t<div class=\"elementor-element elementor-element-c242062 elementor-shape-square elementor-grid-tablet-1 elementor-grid-mobile-1 e-grid-align-mobile-right elementor-widget-tablet__width-initial e-grid-align-right elementor-grid-0 elementor-widget elementor-widget-social-icons\" data-id=\"c242062\" data-element_type=\"widget\" data-e-type=\"widget\" data-settings=\"{&quot;_animation&quot;:&quot;none&quot;}\" data-widget_type=\"social-icons.default\">\n\t\t\t\t<div class=\"elementor-widget-container\">\n\t\t\t\t\t\t\t<div class=\"elementor-social-icons-wrapper elementor-grid\" role=\"list\">\n\t\t\t\t\t\t\t<span class=\"elementor-grid-item\" role=\"listitem\">\n\t\t\t\t\t<a class=\"elementor-icon elementor-social-icon elementor-social-icon-facebook elementor-repeater-item-251a54e\" href=\"https:\/\/www.facebook.com\/lauammx\" target=\"_blank\">\n\t\t\t\t\t\t<span class=\"elementor-screen-only\">Facebook<\/span>\n\t\t\t\t\t\t<i aria-hidden=\"true\" class=\"fab fa-facebook\"><\/i>\t\t\t\t\t<\/a>\n\t\t\t\t<\/span>\n\t\t\t\t\t\t\t<span class=\"elementor-grid-item\" role=\"listitem\">\n\t\t\t\t\t<a class=\"elementor-icon elementor-social-icon elementor-social-icon-instagram elementor-repeater-item-83fa0dc\" href=\"https:\/\/www.instagram.com\/lauammx\/\" target=\"_blank\">\n\t\t\t\t\t\t<span class=\"elementor-screen-only\">Instagram<\/span>\n\t\t\t\t\t\t<i aria-hidden=\"true\" class=\"fab fa-instagram\"><\/i>\t\t\t\t\t<\/a>\n\t\t\t\t<\/span>\n\t\t\t\t\t<\/div>\n\t\t\t\t\t\t<\/div>\n\t\t\t\t<\/div>\n\t\t\t\t<div class=\"elementor-element elementor-element-e9c539a elementor-widget__width-inherit elementor-widget elementor-widget-text-editor\" data-id=\"e9c539a\" data-element_type=\"widget\" data-e-type=\"widget\" data-widget_type=\"text-editor.default\">\n\t\t\t\t<div class=\"elementor-widget-container\">\n\t\t\t\t\t\t\t\t\t<p><strong><img decoding=\"async\" class=\"alignnone size-full wp-image-174\" src=\"https:\/\/becas.uam.mx\/ss\/wp-content\/uploads\/sites\/12\/2023\/10\/balota.png\" alt=\"\" width=\"20\" height=\"15\" \/>Informaci\u00f3n de Beca <\/strong><\/p>\t\t\t\t\t\t\t\t<\/div>\n\t\t\t\t<\/div>\n\t\t\t\t<div class=\"elementor-element elementor-element-69c80e4 elementor-widget elementor-widget-text-editor\" data-id=\"69c80e4\" data-element_type=\"widget\" data-e-type=\"widget\" data-widget_type=\"text-editor.default\">\n\t\t\t\t<div class=\"elementor-widget-container\">\n\t\t\t\t\t\t\t\t\t<ol><li>El pago de la beca se realiza <strong>el\u00a0\u00faltimo d\u00eda h\u00e1bil de cada mes o los cinco primeros d\u00edas h\u00e1biles del siguiente (conforme al calendario UAM)<\/strong>.\u00a0<\/li><li>Activa tu cuenta de correo electr\u00f3nico oficial de la UAM para enviarte cualquier informaci\u00f3n.\u00a0<\/li><li>S\u00edguenos por Facebook: BECAS UAM<\/li><li>Como parte de los requisitos que establecen las Reglas de Operaci\u00f3n del Programa de Becas, es <strong>OBLIGATORIO<\/strong>\u00a0asistir a las reuniones de\u00a0<strong>Contralor\u00eda Social<\/strong>\u00a0(la notificaci\u00f3n la recibir\u00e1s a trav\u00e9s del correo electr\u00f3nico)<\/li><\/ol><p>Para recibir el pago de la beca, es requisito indispensable realizar todos los tr\u00e1mites para la formalizaci\u00f3n.<\/p>\t\t\t\t\t\t\t\t<\/div>\n\t\t\t\t<\/div>\n\t\t\t\t\t<\/div>\n\t\t\t\t<\/div>\n\t\t<div class=\"elementor-element elementor-element-3029902 e-flex e-con-boxed e-con e-parent\" data-id=\"3029902\" data-element_type=\"container\" data-e-type=\"container\">\n\t\t\t\t\t<div class=\"e-con-inner\">\n\t\t\t\t<div class=\"elementor-element elementor-element-66132c5 elementor-widget__width-inherit elementor-widget elementor-widget-text-editor\" data-id=\"66132c5\" data-element_type=\"widget\" data-e-type=\"widget\" data-widget_type=\"text-editor.default\">\n\t\t\t\t<div class=\"elementor-widget-container\">\n\t\t\t\t\t\t\t\t\t<p><strong><img decoding=\"async\" class=\"alignnone size-full wp-image-174\" src=\"https:\/\/becas.uam.mx\/ss\/wp-content\/uploads\/sites\/12\/2023\/10\/balota.png\" alt=\"\" width=\"20\" height=\"15\" \/>Gu\u00eda<\/strong><\/p>\t\t\t\t\t\t\t\t<\/div>\n\t\t\t\t<\/div>\n\t\t\t\t<div class=\"elementor-element elementor-element-ec0fa65 elementor-widget elementor-widget-image\" data-id=\"ec0fa65\" data-element_type=\"widget\" data-e-type=\"widget\" data-widget_type=\"image.default\">\n\t\t\t\t<div class=\"elementor-widget-container\">\n\t\t\t\t\t\t\t\t\t\t\t\t\t\t\t\t<a href=\"https:\/\/becas.uam.mx\/ss\/wp-content\/uploads\/sites\/12\/2023\/08\/20230502-Guia-Beca-de-Servicio-Social.pdf\" target=\"_blank\">\n\t\t\t\t\t\t\t<img decoding=\"async\" width=\"336\" height=\"109\" src=\"https:\/\/becas.uam.mx\/ss\/wp-content\/uploads\/sites\/12\/2024\/01\/guia-descarga.png\" class=\"attachment-full size-full wp-image-255\" alt=\"\" srcset=\"https:\/\/becas.uam.mx\/ss\/wp-content\/uploads\/sites\/12\/2024\/01\/guia-descarga.png 336w, https:\/\/becas.uam.mx\/ss\/wp-content\/uploads\/sites\/12\/2024\/01\/guia-descarga-300x97.png 300w\" sizes=\"(max-width: 336px) 100vw, 336px\" \/>\t\t\t\t\t\t\t\t<\/a>\n\t\t\t\t\t\t\t\t\t\t\t\t\t\t\t<\/div>\n\t\t\t\t<\/div>\n\t\t\t\t<div class=\"elementor-element elementor-element-b7a2882 e-transform e-transform elementor-widget elementor-widget-image\" data-id=\"b7a2882\" data-element_type=\"widget\" data-e-type=\"widget\" data-settings=\"{&quot;_transform_scale_effect_hover&quot;:{&quot;unit&quot;:&quot;px&quot;,&quot;size&quot;:&quot;1.05&quot;,&quot;sizes&quot;:[]},&quot;_animation&quot;:&quot;none&quot;,&quot;_transform_scale_effect&quot;:{&quot;unit&quot;:&quot;px&quot;,&quot;size&quot;:&quot;&quot;,&quot;sizes&quot;:[]},&quot;_transform_scale_effect_tablet&quot;:{&quot;unit&quot;:&quot;px&quot;,&quot;size&quot;:&quot;&quot;,&quot;sizes&quot;:[]},&quot;_transform_scale_effect_mobile&quot;:{&quot;unit&quot;:&quot;px&quot;,&quot;size&quot;:&quot;&quot;,&quot;sizes&quot;:[]},&quot;_transform_scale_effect_hover_tablet&quot;:{&quot;unit&quot;:&quot;px&quot;,&quot;size&quot;:&quot;&quot;,&quot;sizes&quot;:[]},&quot;_transform_scale_effect_hover_mobile&quot;:{&quot;unit&quot;:&quot;px&quot;,&quot;size&quot;:&quot;&quot;,&quot;sizes&quot;:[]}}\" data-widget_type=\"image.default\">\n\t\t\t\t<div class=\"elementor-widget-container\">\n\t\t\t\t\t\t\t\t\t\t\t\t\t\t\t<img loading=\"lazy\" decoding=\"async\" width=\"221\" height=\"270\" src=\"https:\/\/becas.uam.mx\/ss\/wp-content\/uploads\/sites\/12\/2024\/01\/logo-becas-1-1.png\" class=\"attachment-medium size-medium wp-image-329\" alt=\"\" \/>\t\t\t\t\t\t\t\t\t\t\t\t\t\t\t<\/div>\n\t\t\t\t<\/div>\n\t\t\t\t\t<\/div>\n\t\t\t\t<\/div>\n\t\t\t\t<\/div>\n\t\t","protected":false},"excerpt":{"rendered":"<p>\/*! elementor &#8211; v3.18.0 &#8211; 20-12-2023 *\/ .elementor-widget-image{text-align:center}.elementor-widget-image a{display:inline-block}.elementor-widget-image a img[src$=&#8221;.svg&#8221;]{width:48px}.elementor-widget-image img{vertical-align:middle;display:inline-block} \/*! elementor &#8211; v3.18.0 &#8211; 20-12-2023 *\/ .elementor-heading-title{padding:0;margin:0;line-height:1}.elementor-widget-heading .elementor-heading-title[class*=elementor-size-]&gt;a{color:inherit;font-size:inherit;line-height:inherit}.elementor-widget-heading .elementor-heading-title.elementor-size-small{font-size:15px}.elementor-widget-heading .elementor-heading-title.elementor-size-medium{font-size:19px}.elementor-widget-heading .elementor-heading-title.elementor-size-large{font-size:29px}.elementor-widget-heading .elementor-heading-title.elementor-size-xl{font-size:39px}.elementor-widget-heading .elementor-heading-title.elementor-size-xxl{font-size:59px} Beca para realizar Servicio Social Informaci\u00f3n para becarios \/*! elementor &#8211; v3.18.0 &#8211; 20-12-2023 *\/ .elementor-widget-social-icons.elementor-grid-0 .elementor-widget-container,.elementor-widget-social-icons.elementor-grid-mobile-0 .elementor-widget-container,.elementor-widget-social-icons.elementor-grid-tablet-0 .elementor-widget-container{line-height:1;font-size:0}.elementor-widget-social-icons:not(.elementor-grid-0):not(.elementor-grid-tablet-0):not(.elementor-grid-mobile-0) .elementor-grid{display:inline-grid}.elementor-widget-social-icons .elementor-grid{grid-column-gap:var(&#8211;grid-column-gap,5px);grid-row-gap:var(&#8211;grid-row-gap,5px);grid-template-columns:var(&#8211;grid-template-columns);justify-content:var(&#8211;justify-content,center);justify-items:var(&#8211;justify-content,center)}.elementor-icon.elementor-social-icon{font-size:var(&#8211;icon-size,25px);line-height:var(&#8211;icon-size,25px);width:calc(var(&#8211;icon-size, 25px) + 2 * var(&#8211;icon-padding, .5em));height:calc(var(&#8211;icon-size, 25px) + [&hellip;]<\/p>\n","protected":false},"author":1,"featured_media":0,"parent":0,"menu_order":0,"comment_status":"closed","ping_status":"closed","template":"","meta":{"footnotes":""},"class_list":["post-12","page","type-page","status-publish","hentry"],"blocksy_meta":[],"_links":{"self":[{"href":"https:\/\/becas.uam.mx\/ss\/wp-json\/wp\/v2\/pages\/12","targetHints":{"allow":["GET"]}}],"collection":[{"href":"https:\/\/becas.uam.mx\/ss\/wp-json\/wp\/v2\/pages"}],"about":[{"href":"https:\/\/becas.uam.mx\/ss\/wp-json\/wp\/v2\/types\/page"}],"author":[{"embeddable":true,"href":"https:\/\/becas.uam.mx\/ss\/wp-json\/wp\/v2\/users\/1"}],"replies":[{"embeddable":true,"href":"https:\/\/becas.uam.mx\/ss\/wp-json\/wp\/v2\/comments?post=12"}],"version-history":[{"count":52,"href":"https:\/\/becas.uam.mx\/ss\/wp-json\/wp\/v2\/pages\/12\/revisions"}],"predecessor-version":[{"id":396,"href":"https:\/\/becas.uam.mx\/ss\/wp-json\/wp\/v2\/pages\/12\/revisions\/396"}],"wp:attachment":[{"href":"https:\/\/becas.uam.mx\/ss\/wp-json\/wp\/v2\/media?parent=12"}],"curies":[{"name":"wp","href":"https:\/\/api.w.org\/{rel}","templated":true}]}}